{"id":48611,"date":"2025-11-25T16:26:48","date_gmt":"2025-11-25T16:26:48","guid":{"rendered":"https:\/\/www.benchmarkemail.com\/it\/?page_id=48611"},"modified":"2025-12-04T10:35:59","modified_gmt":"2025-12-04T10:35:59","slug":"deliverability-checklist","status":"publish","type":"page","link":"https:\/\/www.benchmarkemail.com\/it\/12-days-of-benchmark\/deliverability-checklist\/","title":{"rendered":"Lista di controllo per il deliverability delle email durante le festivit\u00e0: evita che le tue email finiscano nella lista nera"},"content":{"rendered":"\n<h1>\n\t\t\tLista di controllo per il deliverability delle email durante le festivit\u00e0:\t<\/h1>\n<h2>\n\t\t\tevita che le tue email finiscano nella lista nera\t<\/h2>\n\t<p>Le campagne durante le festivit\u00e0 significano pi\u00f9 volume, tempi pi\u00f9 stretti e tanta concorrenza nella casella di posta. L&#8217;ultima cosa che vuoi \u00e8 che le tue email finiscano nello spam.<\/p>\n<h3>\n\t\t\tIl regalo di oggi:\t<\/h3>\n\t<p>Una rapida lista di controllo per la deliverability, per garantire che i tuoi invii durante le festivit\u00e0 siano allegri, brillanti e effettivamente visibili.<\/p>\n<h3>\n\t\t\tLa lista di controllo\t<\/h3>\n\t<section id=\"metrics\">\n    <!--box-->\n            Autentica il tuo dominio di invio\n     SPF, DKIM e DMARC aiutano a dimostrare la tua legittimit\u00e0.\n<!--box end-->\n<!-- 2 -->\n     Mantieni puliti gli elenchi\n     Rimuovi gli indirizzi inattivi o respinti prima dell&#8217;invio.\n    <!-- 3 -->\n        Evita parole spam\n     Evita le MAIUSCOLE, i simboli \u20ac\u20ac\u20ac e l&#8217;urgenza esagerata.\n      <!-- 4 -->\n      Bilancia testo e immagini\n     Cerca di mantenere un rapporto di 60% testo \/ 40% immagini: niente email con solo immagini giganti.\n      <!-- 5 -->\n       Prova prima di inviare\n  Invia un test a diverse caselle di posta (Gmail, Outlook, mobile).\n      <!-- 6 -->\n        Tieni d&#8217;occhio il coinvolgimento\n      Controlla i tassi di apertura e di clic: un coinvolgimento basso pu\u00f2 influire sulla deliverability.\n      <!-- 7 -->\n    Non esagerare con gli invii\n     Distribuisci le campagne nel tempo per non stressare gli iscritti (o attivare i filtri).\n<\/section> \n\t<p>Un po&#8217; di preparazione fa la differenza: usa questa checklist prima della tua prossima campagna di grandi dimensioni e le tue email arriveranno dove devono: nella casella di posta.<\/p>\n\n","protected":false},"excerpt":{"rendered":"<p>Lista di controllo per il deliverability delle email durante le festivit\u00e0: evita che le tue email finiscano nella lista nera Le campagne durante le festivit\u00e0 significano pi\u00f9 volume, tempi pi\u00f9 stretti e tanta concorrenza nella casella di posta. L&#8217;ultima cosa che vuoi \u00e8 che le tue email finiscano nello spam. Il regalo di oggi: Una&hellip;<\/p>\n","protected":false},"author":7,"featured_media":0,"parent":48205,"menu_order":0,"comment_status":"closed","ping_status":"closed","template":"","meta":{"inline_featured_image":false,"footnotes":""},"class_list":["post-48611","page","type-page","status-publish","hentry"],"yoast_head":"<!-- This site is optimized with the Yoast SEO plugin v27.5 - https:\/\/yoast.com\/product\/yoast-seo-wordpress\/ -->\n<title>Lista di controllo per il deliverability delle email durante le festivit\u00e0: evita che le tue email finiscano nella lista nera - Benchmark Email<\/title>\n<meta name=\"description\" content=\"Dai un&#039;occhiata alla nostra lista di controllo per assicurarti che tutte le email che mandi durante le festivit\u00e0 arrivino nella casella di posta dei destinatari.\" \/>\n<meta name=\"robots\" content=\"index, follow, max-snippet:-1, max-image-preview:large, max-video-preview:-1\" \/>\n<link rel=\"canonical\" href=\"https:\/\/www.benchmarkemail.com\/it\/12-days-of-benchmark\/deliverability-checklist\/\" \/>\n<meta property=\"og:locale\" content=\"en_US\" \/>\n<meta property=\"og:type\" content=\"article\" \/>\n<meta property=\"og:title\" content=\"Lista di controllo per il deliverability delle email durante le festivit\u00e0: evita che le tue email finiscano nella lista nera - Benchmark Email\" \/>\n<meta property=\"og:description\" content=\"Dai un&#039;occhiata alla nostra lista di controllo per assicurarti che tutte le email che mandi durante le festivit\u00e0 arrivino nella casella di posta dei destinatari.\" \/>\n<meta property=\"og:url\" content=\"https:\/\/www.benchmarkemail.com\/it\/12-days-of-benchmark\/deliverability-checklist\/\" \/>\n<meta property=\"og:site_name\" content=\"Benchmark Email in italiano\" \/>\n<meta property=\"article:publisher\" content=\"https:\/\/www.facebook.com\/BenchmarkEmail\" \/>\n<meta property=\"article:modified_time\" content=\"2025-12-04T10:35:59+00:00\" \/>\n<meta name=\"twitter:card\" content=\"summary_large_image\" \/>\n<meta name=\"twitter:site\" content=\"@benchmarkemail\" \/>\n<meta name=\"twitter:label1\" content=\"Est. reading time\" \/>\n\t<meta name=\"twitter:data1\" content=\"1 minute\" \/>\n<script type=\"application\/ld+json\" class=\"yoast-schema-graph\">{\"@context\":\"https:\\\/\\\/schema.org\",\"@graph\":[{\"@type\":\"WebPage\",\"@id\":\"https:\\\/\\\/www.benchmarkemail.com\\\/it\\\/12-days-of-benchmark\\\/deliverability-checklist\\\/\",\"url\":\"https:\\\/\\\/www.benchmarkemail.com\\\/it\\\/12-days-of-benchmark\\\/deliverability-checklist\\\/\",\"name\":\"Lista di controllo per il deliverability delle email durante le festivit\u00e0: evita che le tue email finiscano nella lista nera - Benchmark Email\",\"isPartOf\":{\"@id\":\"https:\\\/\\\/www.benchmarkemail.com\\\/it\\\/#website\"},\"datePublished\":\"2025-11-25T16:26:48+00:00\",\"dateModified\":\"2025-12-04T10:35:59+00:00\",\"description\":\"Dai un'occhiata alla nostra lista di controllo per assicurarti che tutte le email che mandi durante le festivit\u00e0 arrivino nella casella di posta dei destinatari.\",\"breadcrumb\":{\"@id\":\"https:\\\/\\\/www.benchmarkemail.com\\\/it\\\/12-days-of-benchmark\\\/deliverability-checklist\\\/#breadcrumb\"},\"inLanguage\":\"en-US\",\"potentialAction\":[{\"@type\":\"ReadAction\",\"target\":[\"https:\\\/\\\/www.benchmarkemail.com\\\/it\\\/12-days-of-benchmark\\\/deliverability-checklist\\\/\"]}]},{\"@type\":\"BreadcrumbList\",\"@id\":\"https:\\\/\\\/www.benchmarkemail.com\\\/it\\\/12-days-of-benchmark\\\/deliverability-checklist\\\/#breadcrumb\",\"itemListElement\":[{\"@type\":\"ListItem\",\"position\":1,\"name\":\"Home\",\"item\":\"https:\\\/\\\/www.benchmarkemail.com\\\/it\\\/\"},{\"@type\":\"ListItem\",\"position\":2,\"name\":\"12 giorni di regali natalizi &#8211; Benchmark Email\",\"item\":\"https:\\\/\\\/www.benchmarkemail.com\\\/it\\\/12-days-of-benchmark\\\/\"},{\"@type\":\"ListItem\",\"position\":3,\"name\":\"Lista di controllo per il deliverability delle email durante le festivit\u00e0: evita che le tue email finiscano nella lista nera\"}]},{\"@type\":\"WebSite\",\"@id\":\"https:\\\/\\\/www.benchmarkemail.com\\\/it\\\/#website\",\"url\":\"https:\\\/\\\/www.benchmarkemail.com\\\/it\\\/\",\"name\":\"Benchmark Email in italiano\",\"description\":\"Strumento di marketing digitale. Impara con noi l&#039;email marketing, l&#039;acquisizione di lead, l&#039;automazione ... e molto altro!\",\"publisher\":{\"@id\":\"https:\\\/\\\/www.benchmarkemail.com\\\/it\\\/#organization\"},\"potentialAction\":[{\"@type\":\"SearchAction\",\"target\":{\"@type\":\"EntryPoint\",\"urlTemplate\":\"https:\\\/\\\/www.benchmarkemail.com\\\/it\\\/?s={search_term_string}\"},\"query-input\":{\"@type\":\"PropertyValueSpecification\",\"valueRequired\":true,\"valueName\":\"search_term_string\"}}],\"inLanguage\":\"en-US\"},{\"@type\":\"Organization\",\"@id\":\"https:\\\/\\\/www.benchmarkemail.com\\\/it\\\/#organization\",\"name\":\"Benchmark Internet Group, LLC\",\"url\":\"https:\\\/\\\/www.benchmarkemail.com\\\/it\\\/\",\"logo\":{\"@type\":\"ImageObject\",\"inLanguage\":\"en-US\",\"@id\":\"https:\\\/\\\/www.benchmarkemail.com\\\/it\\\/#\\\/schema\\\/logo\\\/image\\\/\",\"url\":\"https:\\\/\\\/www.benchmarkemail.com\\\/it\\\/wp-content\\\/uploads\\\/sites\\\/7\\\/2019\\\/09\\\/benchmark-logo.svg\",\"contentUrl\":\"https:\\\/\\\/www.benchmarkemail.com\\\/it\\\/wp-content\\\/uploads\\\/sites\\\/7\\\/2019\\\/09\\\/benchmark-logo.svg\",\"width\":1,\"height\":1,\"caption\":\"Benchmark Internet Group, LLC\"},\"image\":{\"@id\":\"https:\\\/\\\/www.benchmarkemail.com\\\/it\\\/#\\\/schema\\\/logo\\\/image\\\/\"},\"sameAs\":[\"https:\\\/\\\/www.facebook.com\\\/BenchmarkEmail\",\"https:\\\/\\\/x.com\\\/benchmarkemail\",\"https:\\\/\\\/www.instagram.com\\\/benchmarkemail\\\/\",\"https:\\\/\\\/www.linkedin.com\\\/company\\\/benchmark-email\\\/\",\"https:\\\/\\\/www.youtube.com\\\/channel\\\/UCVInnPuEMisNE8mXRTC9-Uw\"]}]}<\/script>\n<!-- \/ Yoast SEO plugin. -->","yoast_head_json":{"title":"Lista di controllo per il deliverability delle email durante le festivit\u00e0: evita che le tue email finiscano nella lista nera - Benchmark Email","description":"Dai un'occhiata alla nostra lista di controllo per assicurarti che tutte le email che mandi durante le festivit\u00e0 arrivino nella casella di posta dei destinatari.","robots":{"index":"index","follow":"follow","max-snippet":"max-snippet:-1","max-image-preview":"max-image-preview:large","max-video-preview":"max-video-preview:-1"},"canonical":"https:\/\/www.benchmarkemail.com\/it\/12-days-of-benchmark\/deliverability-checklist\/","og_locale":"en_US","og_type":"article","og_title":"Lista di controllo per il deliverability delle email durante le festivit\u00e0: evita che le tue email finiscano nella lista nera - Benchmark Email","og_description":"Dai un'occhiata alla nostra lista di controllo per assicurarti che tutte le email che mandi durante le festivit\u00e0 arrivino nella casella di posta dei destinatari.","og_url":"https:\/\/www.benchmarkemail.com\/it\/12-days-of-benchmark\/deliverability-checklist\/","og_site_name":"Benchmark Email in italiano","article_publisher":"https:\/\/www.facebook.com\/BenchmarkEmail","article_modified_time":"2025-12-04T10:35:59+00:00","twitter_card":"summary_large_image","twitter_site":"@benchmarkemail","twitter_misc":{"Est. reading time":"1 minute"},"schema":{"@context":"https:\/\/schema.org","@graph":[{"@type":"WebPage","@id":"https:\/\/www.benchmarkemail.com\/it\/12-days-of-benchmark\/deliverability-checklist\/","url":"https:\/\/www.benchmarkemail.com\/it\/12-days-of-benchmark\/deliverability-checklist\/","name":"Lista di controllo per il deliverability delle email durante le festivit\u00e0: evita che le tue email finiscano nella lista nera - Benchmark Email","isPartOf":{"@id":"https:\/\/www.benchmarkemail.com\/it\/#website"},"datePublished":"2025-11-25T16:26:48+00:00","dateModified":"2025-12-04T10:35:59+00:00","description":"Dai un'occhiata alla nostra lista di controllo per assicurarti che tutte le email che mandi durante le festivit\u00e0 arrivino nella casella di posta dei destinatari.","breadcrumb":{"@id":"https:\/\/www.benchmarkemail.com\/it\/12-days-of-benchmark\/deliverability-checklist\/#breadcrumb"},"inLanguage":"en-US","potentialAction":[{"@type":"ReadAction","target":["https:\/\/www.benchmarkemail.com\/it\/12-days-of-benchmark\/deliverability-checklist\/"]}]},{"@type":"BreadcrumbList","@id":"https:\/\/www.benchmarkemail.com\/it\/12-days-of-benchmark\/deliverability-checklist\/#breadcrumb","itemListElement":[{"@type":"ListItem","position":1,"name":"Home","item":"https:\/\/www.benchmarkemail.com\/it\/"},{"@type":"ListItem","position":2,"name":"12 giorni di regali natalizi &#8211; Benchmark Email","item":"https:\/\/www.benchmarkemail.com\/it\/12-days-of-benchmark\/"},{"@type":"ListItem","position":3,"name":"Lista di controllo per il deliverability delle email durante le festivit\u00e0: evita che le tue email finiscano nella lista nera"}]},{"@type":"WebSite","@id":"https:\/\/www.benchmarkemail.com\/it\/#website","url":"https:\/\/www.benchmarkemail.com\/it\/","name":"Benchmark Email in italiano","description":"Strumento di marketing digitale. Impara con noi l&#039;email marketing, l&#039;acquisizione di lead, l&#039;automazione ... e molto altro!","publisher":{"@id":"https:\/\/www.benchmarkemail.com\/it\/#organization"},"potentialAction":[{"@type":"SearchAction","target":{"@type":"EntryPoint","urlTemplate":"https:\/\/www.benchmarkemail.com\/it\/?s={search_term_string}"},"query-input":{"@type":"PropertyValueSpecification","valueRequired":true,"valueName":"search_term_string"}}],"inLanguage":"en-US"},{"@type":"Organization","@id":"https:\/\/www.benchmarkemail.com\/it\/#organization","name":"Benchmark Internet Group, LLC","url":"https:\/\/www.benchmarkemail.com\/it\/","logo":{"@type":"ImageObject","inLanguage":"en-US","@id":"https:\/\/www.benchmarkemail.com\/it\/#\/schema\/logo\/image\/","url":"https:\/\/www.benchmarkemail.com\/it\/wp-content\/uploads\/sites\/7\/2019\/09\/benchmark-logo.svg","contentUrl":"https:\/\/www.benchmarkemail.com\/it\/wp-content\/uploads\/sites\/7\/2019\/09\/benchmark-logo.svg","width":1,"height":1,"caption":"Benchmark Internet Group, LLC"},"image":{"@id":"https:\/\/www.benchmarkemail.com\/it\/#\/schema\/logo\/image\/"},"sameAs":["https:\/\/www.facebook.com\/BenchmarkEmail","https:\/\/x.com\/benchmarkemail","https:\/\/www.instagram.com\/benchmarkemail\/","https:\/\/www.linkedin.com\/company\/benchmark-email\/","https:\/\/www.youtube.com\/channel\/UCVInnPuEMisNE8mXRTC9-Uw"]}]}},"_links":{"self":[{"href":"https:\/\/www.benchmarkemail.com\/it\/wp-json\/wp\/v2\/pages\/48611","targetHints":{"allow":["GET"]}}],"collection":[{"href":"https:\/\/www.benchmarkemail.com\/it\/wp-json\/wp\/v2\/pages"}],"about":[{"href":"https:\/\/www.benchmarkemail.com\/it\/wp-json\/wp\/v2\/types\/page"}],"author":[{"embeddable":true,"href":"https:\/\/www.benchmarkemail.com\/it\/wp-json\/wp\/v2\/users\/7"}],"replies":[{"embeddable":true,"href":"https:\/\/www.benchmarkemail.com\/it\/wp-json\/wp\/v2\/comments?post=48611"}],"version-history":[{"count":0,"href":"https:\/\/www.benchmarkemail.com\/it\/wp-json\/wp\/v2\/pages\/48611\/revisions"}],"up":[{"embeddable":true,"href":"https:\/\/www.benchmarkemail.com\/it\/wp-json\/wp\/v2\/pages\/48205"}],"wp:attachment":[{"href":"https:\/\/www.benchmarkemail.com\/it\/wp-json\/wp\/v2\/media?parent=48611"}],"curies":[{"name":"wp","href":"https:\/\/api.w.org\/{rel}","templated":true}]}}