{"id":48612,"date":"2025-11-25T15:22:05","date_gmt":"2025-11-25T15:22:05","guid":{"rendered":"https:\/\/www.benchmarkemail.com\/it\/?page_id=48612"},"modified":"2025-12-02T14:49:41","modified_gmt":"2025-12-02T14:49:41","slug":"image-prompts","status":"publish","type":"page","link":"https:\/\/www.benchmarkemail.com\/it\/12-days-of-benchmark\/image-prompts\/","title":{"rendered":"5 Prompts festivi per immagini AI per le tue email natalizie"},"content":{"rendered":"\n<h1>\n\t\t\t5 Prompts festivi per immagini AI per le tue email natalizie\t<\/h1>\n\t<p>Trovare l&#8217;immagine natalizia giusta pu\u00f2 richiedere un&#8217;eternit\u00e0. Le foto stock sembrano banali e il tempo a disposizione per la progettazione \u00e8 limitato. Ecco perch\u00e9 oggi ti regaliamo una serie di Prompts pronti all&#8217;uso che puoi inserire direttamente nel generatore di immagini AI di Benchmark. Immagini fresche e festive, senza bisogno di competenze di Design. \ud83c\udf84\u2728<\/p>\n<h3>\n\t\t\tIl Prompts\t<\/h3>\n\t<section id=\"metrics\">\n    <!--box-->\n            1. Atmosfera festiva e accogliente\n   Una calda scena festiva con luci scintillanti, una tazza fumante di cioccolata calda e morbide coperte, in stile fotografico flat-lay moderno.\n<!--box end-->\n<!-- 2 -->\n        2. Energia festiva dei saldi\n        Una colorata borsa della spesa natalizia traboccante di regali incartati, sfondo moderno e minimalista, audace e luminoso.\n    <!-- 3 -->\n       3. Scintillio di Capodanno\n        Eleganti bicchieri di champagne che tintinnano con coriandoli dorati, sfondo nero, estetica moderna e lussuosa.\n     <!-- 4 -->\n     4. Minimalismo invernale\n        Un motivo pulito e semplice di fiocchi di neve su uno sfondo pastello, stile illustrazione vettoriale.\n      <!-- 4 -->\n      5. Tavola imbandita per le feste\n       Una tavola imbandita a festa con candele, decorazioni vegetali e ornamenti, illuminazione calda, stile fotografico lifestyle.\n<\/section> \n      <!-- SVG bulb -->\n <ul>\n     \n        Consigli dei professionisti:\n      \n  <li>Adatta lo stile (foto, vettoriale, flat-lay) al tuo marchio.<\/li>\n  <li>Usa la tua tavolozza di colori natalizi (dal regalo n. 2!) per mantenere tutto coerente.<\/li>\n  <li>Visualizza sempre l&#8217;anteprima prima di inviare per assicurarti che l&#8217;immagine sia perfetta su tutti i dispositivi.<\/li>\n<\/ul>\n\t<p>Con questi suggerimenti, passerai meno tempo a cercare foto stock e pi\u00f9 tempo a realizzare le tue campagne.<\/p>\n\n","protected":false},"excerpt":{"rendered":"<p>5 Prompts festivi per immagini AI per le tue email natalizie Trovare l&#8217;immagine natalizia giusta pu\u00f2 richiedere un&#8217;eternit\u00e0. Le foto stock sembrano banali e il tempo a disposizione per la progettazione \u00e8 limitato. Ecco perch\u00e9 oggi ti regaliamo una serie di Prompts pronti all&#8217;uso che puoi inserire direttamente nel generatore di immagini AI di Benchmark.&hellip;<\/p>\n","protected":false},"author":7,"featured_media":0,"parent":48205,"menu_order":0,"comment_status":"closed","ping_status":"closed","template":"","meta":{"inline_featured_image":false,"footnotes":""},"class_list":["post-48612","page","type-page","status-publish","hentry"],"yoast_head":"<!-- This site is optimized with the Yoast SEO plugin v27.4 - https:\/\/yoast.com\/product\/yoast-seo-wordpress\/ -->\n<title>5 Prompts festivi per immagini AI per le tue email natalizie<\/title>\n<meta name=\"description\" content=\"Hai bisogno di aiuto per creare immagini festive per le tue campagne? Prova questi cinque prompts per generare immagini AI efficaci.\" \/>\n<meta name=\"robots\" content=\"index, follow, max-snippet:-1, max-image-preview:large, max-video-preview:-1\" \/>\n<link rel=\"canonical\" href=\"https:\/\/www.benchmarkemail.com\/it\/12-days-of-benchmark\/image-prompts\/\" \/>\n<meta property=\"og:locale\" content=\"en_US\" \/>\n<meta property=\"og:type\" content=\"article\" \/>\n<meta property=\"og:title\" content=\"5 Prompts festivi per immagini AI per le tue email natalizie\" \/>\n<meta property=\"og:description\" content=\"Hai bisogno di aiuto per creare immagini festive per le tue campagne? Prova questi cinque prompts per generare immagini AI efficaci.\" \/>\n<meta property=\"og:url\" content=\"https:\/\/www.benchmarkemail.com\/it\/12-days-of-benchmark\/image-prompts\/\" \/>\n<meta property=\"og:site_name\" content=\"Benchmark Email in italiano\" \/>\n<meta property=\"article:publisher\" content=\"https:\/\/www.facebook.com\/BenchmarkEmail\" \/>\n<meta property=\"article:modified_time\" content=\"2025-12-02T14:49:41+00:00\" \/>\n<meta name=\"twitter:card\" content=\"summary_large_image\" \/>\n<meta name=\"twitter:site\" content=\"@benchmarkemail\" \/>\n<meta name=\"twitter:label1\" content=\"Est. reading time\" \/>\n\t<meta name=\"twitter:data1\" content=\"1 minute\" \/>\n<script type=\"application\/ld+json\" class=\"yoast-schema-graph\">{\"@context\":\"https:\\\/\\\/schema.org\",\"@graph\":[{\"@type\":\"WebPage\",\"@id\":\"https:\\\/\\\/www.benchmarkemail.com\\\/it\\\/12-days-of-benchmark\\\/image-prompts\\\/\",\"url\":\"https:\\\/\\\/www.benchmarkemail.com\\\/it\\\/12-days-of-benchmark\\\/image-prompts\\\/\",\"name\":\"5 Prompts festivi per immagini AI per le tue email natalizie\",\"isPartOf\":{\"@id\":\"https:\\\/\\\/www.benchmarkemail.com\\\/it\\\/#website\"},\"datePublished\":\"2025-11-25T15:22:05+00:00\",\"dateModified\":\"2025-12-02T14:49:41+00:00\",\"description\":\"Hai bisogno di aiuto per creare immagini festive per le tue campagne? Prova questi cinque prompts per generare immagini AI efficaci.\",\"breadcrumb\":{\"@id\":\"https:\\\/\\\/www.benchmarkemail.com\\\/it\\\/12-days-of-benchmark\\\/image-prompts\\\/#breadcrumb\"},\"inLanguage\":\"en-US\",\"potentialAction\":[{\"@type\":\"ReadAction\",\"target\":[\"https:\\\/\\\/www.benchmarkemail.com\\\/it\\\/12-days-of-benchmark\\\/image-prompts\\\/\"]}]},{\"@type\":\"BreadcrumbList\",\"@id\":\"https:\\\/\\\/www.benchmarkemail.com\\\/it\\\/12-days-of-benchmark\\\/image-prompts\\\/#breadcrumb\",\"itemListElement\":[{\"@type\":\"ListItem\",\"position\":1,\"name\":\"Home\",\"item\":\"https:\\\/\\\/www.benchmarkemail.com\\\/it\\\/\"},{\"@type\":\"ListItem\",\"position\":2,\"name\":\"12 giorni di regali natalizi &#8211; Benchmark Email\",\"item\":\"https:\\\/\\\/www.benchmarkemail.com\\\/it\\\/12-days-of-benchmark\\\/\"},{\"@type\":\"ListItem\",\"position\":3,\"name\":\"5 Prompts festivi per immagini AI per le tue email natalizie\"}]},{\"@type\":\"WebSite\",\"@id\":\"https:\\\/\\\/www.benchmarkemail.com\\\/it\\\/#website\",\"url\":\"https:\\\/\\\/www.benchmarkemail.com\\\/it\\\/\",\"name\":\"Benchmark Email in italiano\",\"description\":\"Strumento di marketing digitale. Impara con noi l&#039;email marketing, l&#039;acquisizione di lead, l&#039;automazione ... e molto altro!\",\"publisher\":{\"@id\":\"https:\\\/\\\/www.benchmarkemail.com\\\/it\\\/#organization\"},\"potentialAction\":[{\"@type\":\"SearchAction\",\"target\":{\"@type\":\"EntryPoint\",\"urlTemplate\":\"https:\\\/\\\/www.benchmarkemail.com\\\/it\\\/?s={search_term_string}\"},\"query-input\":{\"@type\":\"PropertyValueSpecification\",\"valueRequired\":true,\"valueName\":\"search_term_string\"}}],\"inLanguage\":\"en-US\"},{\"@type\":\"Organization\",\"@id\":\"https:\\\/\\\/www.benchmarkemail.com\\\/it\\\/#organization\",\"name\":\"Benchmark Internet Group, LLC\",\"url\":\"https:\\\/\\\/www.benchmarkemail.com\\\/it\\\/\",\"logo\":{\"@type\":\"ImageObject\",\"inLanguage\":\"en-US\",\"@id\":\"https:\\\/\\\/www.benchmarkemail.com\\\/it\\\/#\\\/schema\\\/logo\\\/image\\\/\",\"url\":\"https:\\\/\\\/www.benchmarkemail.com\\\/it\\\/wp-content\\\/uploads\\\/sites\\\/7\\\/2019\\\/09\\\/benchmark-logo.svg\",\"contentUrl\":\"https:\\\/\\\/www.benchmarkemail.com\\\/it\\\/wp-content\\\/uploads\\\/sites\\\/7\\\/2019\\\/09\\\/benchmark-logo.svg\",\"width\":1,\"height\":1,\"caption\":\"Benchmark Internet Group, LLC\"},\"image\":{\"@id\":\"https:\\\/\\\/www.benchmarkemail.com\\\/it\\\/#\\\/schema\\\/logo\\\/image\\\/\"},\"sameAs\":[\"https:\\\/\\\/www.facebook.com\\\/BenchmarkEmail\",\"https:\\\/\\\/x.com\\\/benchmarkemail\",\"https:\\\/\\\/www.instagram.com\\\/benchmarkemail\\\/\",\"https:\\\/\\\/www.linkedin.com\\\/company\\\/benchmark-email\\\/\",\"https:\\\/\\\/www.youtube.com\\\/channel\\\/UCVInnPuEMisNE8mXRTC9-Uw\"]}]}<\/script>\n<!-- \/ Yoast SEO plugin. -->","yoast_head_json":{"title":"5 Prompts festivi per immagini AI per le tue email natalizie","description":"Hai bisogno di aiuto per creare immagini festive per le tue campagne? Prova questi cinque prompts per generare immagini AI efficaci.","robots":{"index":"index","follow":"follow","max-snippet":"max-snippet:-1","max-image-preview":"max-image-preview:large","max-video-preview":"max-video-preview:-1"},"canonical":"https:\/\/www.benchmarkemail.com\/it\/12-days-of-benchmark\/image-prompts\/","og_locale":"en_US","og_type":"article","og_title":"5 Prompts festivi per immagini AI per le tue email natalizie","og_description":"Hai bisogno di aiuto per creare immagini festive per le tue campagne? Prova questi cinque prompts per generare immagini AI efficaci.","og_url":"https:\/\/www.benchmarkemail.com\/it\/12-days-of-benchmark\/image-prompts\/","og_site_name":"Benchmark Email in italiano","article_publisher":"https:\/\/www.facebook.com\/BenchmarkEmail","article_modified_time":"2025-12-02T14:49:41+00:00","twitter_card":"summary_large_image","twitter_site":"@benchmarkemail","twitter_misc":{"Est. reading time":"1 minute"},"schema":{"@context":"https:\/\/schema.org","@graph":[{"@type":"WebPage","@id":"https:\/\/www.benchmarkemail.com\/it\/12-days-of-benchmark\/image-prompts\/","url":"https:\/\/www.benchmarkemail.com\/it\/12-days-of-benchmark\/image-prompts\/","name":"5 Prompts festivi per immagini AI per le tue email natalizie","isPartOf":{"@id":"https:\/\/www.benchmarkemail.com\/it\/#website"},"datePublished":"2025-11-25T15:22:05+00:00","dateModified":"2025-12-02T14:49:41+00:00","description":"Hai bisogno di aiuto per creare immagini festive per le tue campagne? Prova questi cinque prompts per generare immagini AI efficaci.","breadcrumb":{"@id":"https:\/\/www.benchmarkemail.com\/it\/12-days-of-benchmark\/image-prompts\/#breadcrumb"},"inLanguage":"en-US","potentialAction":[{"@type":"ReadAction","target":["https:\/\/www.benchmarkemail.com\/it\/12-days-of-benchmark\/image-prompts\/"]}]},{"@type":"BreadcrumbList","@id":"https:\/\/www.benchmarkemail.com\/it\/12-days-of-benchmark\/image-prompts\/#breadcrumb","itemListElement":[{"@type":"ListItem","position":1,"name":"Home","item":"https:\/\/www.benchmarkemail.com\/it\/"},{"@type":"ListItem","position":2,"name":"12 giorni di regali natalizi &#8211; Benchmark Email","item":"https:\/\/www.benchmarkemail.com\/it\/12-days-of-benchmark\/"},{"@type":"ListItem","position":3,"name":"5 Prompts festivi per immagini AI per le tue email natalizie"}]},{"@type":"WebSite","@id":"https:\/\/www.benchmarkemail.com\/it\/#website","url":"https:\/\/www.benchmarkemail.com\/it\/","name":"Benchmark Email in italiano","description":"Strumento di marketing digitale. Impara con noi l&#039;email marketing, l&#039;acquisizione di lead, l&#039;automazione ... e molto altro!","publisher":{"@id":"https:\/\/www.benchmarkemail.com\/it\/#organization"},"potentialAction":[{"@type":"SearchAction","target":{"@type":"EntryPoint","urlTemplate":"https:\/\/www.benchmarkemail.com\/it\/?s={search_term_string}"},"query-input":{"@type":"PropertyValueSpecification","valueRequired":true,"valueName":"search_term_string"}}],"inLanguage":"en-US"},{"@type":"Organization","@id":"https:\/\/www.benchmarkemail.com\/it\/#organization","name":"Benchmark Internet Group, LLC","url":"https:\/\/www.benchmarkemail.com\/it\/","logo":{"@type":"ImageObject","inLanguage":"en-US","@id":"https:\/\/www.benchmarkemail.com\/it\/#\/schema\/logo\/image\/","url":"https:\/\/www.benchmarkemail.com\/it\/wp-content\/uploads\/sites\/7\/2019\/09\/benchmark-logo.svg","contentUrl":"https:\/\/www.benchmarkemail.com\/it\/wp-content\/uploads\/sites\/7\/2019\/09\/benchmark-logo.svg","width":1,"height":1,"caption":"Benchmark Internet Group, LLC"},"image":{"@id":"https:\/\/www.benchmarkemail.com\/it\/#\/schema\/logo\/image\/"},"sameAs":["https:\/\/www.facebook.com\/BenchmarkEmail","https:\/\/x.com\/benchmarkemail","https:\/\/www.instagram.com\/benchmarkemail\/","https:\/\/www.linkedin.com\/company\/benchmark-email\/","https:\/\/www.youtube.com\/channel\/UCVInnPuEMisNE8mXRTC9-Uw"]}]}},"_links":{"self":[{"href":"https:\/\/www.benchmarkemail.com\/it\/wp-json\/wp\/v2\/pages\/48612","targetHints":{"allow":["GET"]}}],"collection":[{"href":"https:\/\/www.benchmarkemail.com\/it\/wp-json\/wp\/v2\/pages"}],"about":[{"href":"https:\/\/www.benchmarkemail.com\/it\/wp-json\/wp\/v2\/types\/page"}],"author":[{"embeddable":true,"href":"https:\/\/www.benchmarkemail.com\/it\/wp-json\/wp\/v2\/users\/7"}],"replies":[{"embeddable":true,"href":"https:\/\/www.benchmarkemail.com\/it\/wp-json\/wp\/v2\/comments?post=48612"}],"version-history":[{"count":0,"href":"https:\/\/www.benchmarkemail.com\/it\/wp-json\/wp\/v2\/pages\/48612\/revisions"}],"up":[{"embeddable":true,"href":"https:\/\/www.benchmarkemail.com\/it\/wp-json\/wp\/v2\/pages\/48205"}],"wp:attachment":[{"href":"https:\/\/www.benchmarkemail.com\/it\/wp-json\/wp\/v2\/media?parent=48612"}],"curies":[{"name":"wp","href":"https:\/\/api.w.org\/{rel}","templated":true}]}}