{"id":48669,"date":"2025-11-30T10:59:50","date_gmt":"2025-11-30T10:59:50","guid":{"rendered":"https:\/\/www.benchmarkemail.com\/it\/?page_id=48669"},"modified":"2025-12-09T11:13:00","modified_gmt":"2025-12-09T11:13:00","slug":"holiday-wrap-up","status":"publish","type":"page","link":"https:\/\/www.benchmarkemail.com\/it\/12-days-of-benchmark\/holiday-wrap-up\/","title":{"rendered":"Riepilogo delle festivit\u00e0: il tuo kit di sopravvivenza per i 12 giorni di Benchmark"},"content":{"rendered":"\n<h1>\n\t\t\tRiepilogo delle festivit\u00e0: il tuo kit di sopravvivenza per i 12 giorni di Benchmark\t<\/h1>\n\t<p>Ce l&#8217;hai fatta! Negli ultimi 12 giorni hai scoperto oggetti, modelli, consigli e trucchi per rendere le tue email natalizie allegre e gestibili.<\/p>\n\t<p>Il regalo finale di oggi riassume tutto: i nostri migliori consigli dai 12 giorni di Benchmark, pi\u00f9 un ultimo bonus per aiutarti a inviare email in modo pi\u00f9 intelligente nel 2026.<\/p>\n\t<section id=\"metrics\">\n    <!-- box -->\n            \ud83d\udce6 I punti salienti del riassunto\n            <ul>\n                <li><strong>Oggetti che brillano<\/strong> \u2192 Mantienili brevi, festosi e mirati.<\/li>\n                <li><strong>Design che salta all&#8217;occhio<\/strong> \u2192 Usa palette, modelli e layout ottimizzati per i dispositivi mobili.<\/li>\n                <li><strong>Invii pi\u00f9 intelligenti<\/strong> \u2192 Segmenta con saggezza, scegli il momento giusto e guarda crescere il coinvolgimento.<\/li>\n                <li><strong>Deliverability Wins<\/strong> \u2192 Autentica, bilancia i contenuti e monitora il coinvolgimento.<\/li>\n                <li><strong>Anno nuovo, nuovo inizio<\/strong> \u2192 Sfrutta il tuo modello di campagna esclusivo per il 2026 per stare al passo con i tempi.<\/li>\n            <\/ul>\n    <!-- box end -->\n    <!-- box 2 -->\n          \ud83c\udf81 Risorsa bonus\n           Accedi al tuo kit di sopravvivenza per le email natalizie: una guida unica e facile da aggiungere ai segnalibri con tutti i 12 regali in un unico posto. Perfetto per una rapida consultazione ora e per pianificare in anticipo.\n            <a href=\"https:\/\/www.benchmarkemail.com\/it\/12-days-of-benchmark-resources\/\">Accedi al kit di sopravvivenza<\/a>\n<\/section>\n\t\t\t\t<img decoding=\"async\" src=\"https:\/\/www.benchmarkemail.com\/wp-content\/uploads\/2025\/11\/Group.svg\" alt=\"Group.svg\" itemprop=\"image\" title=\"Group.svg\" onerror=\"this.style.display='none'\" loading=\"lazy\" \/>\n\tGrazie per aver festeggiato con noi i 12 giorni di Benchmark!<br \/>\nPronto a continuare a inviare in modo pi\u00f9 intelligente, non pi\u00f9 difficile, nel 2026? Inizio oggi gratuitamente con Benchmark.\n\t\t\t<a href=\"https:\/\/ui.benchmarkemail.com\/it\/register\" target=\"_self\">\n\t\t\t\t\t\t\tIscriviti gratuitamente\n\t\t\t\t\t<\/a>\n\n","protected":false},"excerpt":{"rendered":"<p>Riepilogo delle festivit\u00e0: il tuo kit di sopravvivenza per i 12 giorni di Benchmark Ce l&#8217;hai fatta! Negli ultimi 12 giorni hai scoperto oggetti, modelli, consigli e trucchi per rendere le tue email natalizie allegre e gestibili. Il regalo finale di oggi riassume tutto: i nostri migliori consigli dai 12 giorni di Benchmark, pi\u00f9 un&hellip;<\/p>\n","protected":false},"author":7,"featured_media":0,"parent":48205,"menu_order":0,"comment_status":"closed","ping_status":"closed","template":"","meta":{"inline_featured_image":false,"footnotes":""},"class_list":["post-48669","page","type-page","status-publish","hentry"],"yoast_head":"<!-- This site is optimized with the Yoast SEO plugin v27.5 - https:\/\/yoast.com\/product\/yoast-seo-wordpress\/ -->\n<title>Riepilogo delle festivit\u00e0: il tuo kit di sopravvivenza per i 12 giorni di Benchmark - Benchmark Email<\/title>\n<meta name=\"description\" content=\"Ecco il nostro riepilogo delle festivit\u00e0 con i punti salienti dei 12 giorni di Benchmark, pi\u00f9 un ultimo bonus per aiutarti a inviare email in modo pi\u00f9 intelligente nel 2026.\" \/>\n<meta name=\"robots\" content=\"index, follow, max-snippet:-1, max-image-preview:large, max-video-preview:-1\" \/>\n<link rel=\"canonical\" href=\"https:\/\/www.benchmarkemail.com\/it\/12-days-of-benchmark\/holiday-wrap-up\/\" \/>\n<meta property=\"og:locale\" content=\"en_US\" \/>\n<meta property=\"og:type\" content=\"article\" \/>\n<meta property=\"og:title\" content=\"Riepilogo delle festivit\u00e0: il tuo kit di sopravvivenza per i 12 giorni di Benchmark - Benchmark Email\" \/>\n<meta property=\"og:description\" content=\"Ecco il nostro riepilogo delle festivit\u00e0 con i punti salienti dei 12 giorni di Benchmark, pi\u00f9 un ultimo bonus per aiutarti a inviare email in modo pi\u00f9 intelligente nel 2026.\" \/>\n<meta property=\"og:url\" content=\"https:\/\/www.benchmarkemail.com\/it\/12-days-of-benchmark\/holiday-wrap-up\/\" \/>\n<meta property=\"og:site_name\" content=\"Benchmark Email in italiano\" \/>\n<meta property=\"article:publisher\" content=\"https:\/\/www.facebook.com\/BenchmarkEmail\" \/>\n<meta property=\"article:modified_time\" content=\"2025-12-09T11:13:00+00:00\" \/>\n<meta property=\"og:image\" content=\"https:\/\/www.benchmarkemail.com\/wp-content\/uploads\/2025\/11\/Group.svg\" \/>\n<meta name=\"twitter:card\" content=\"summary_large_image\" \/>\n<meta name=\"twitter:site\" content=\"@benchmarkemail\" \/>\n<meta name=\"twitter:label1\" content=\"Est. reading time\" \/>\n\t<meta name=\"twitter:data1\" content=\"2 minutes\" \/>\n<script type=\"application\/ld+json\" class=\"yoast-schema-graph\">{\"@context\":\"https:\\\/\\\/schema.org\",\"@graph\":[{\"@type\":\"WebPage\",\"@id\":\"https:\\\/\\\/www.benchmarkemail.com\\\/it\\\/12-days-of-benchmark\\\/holiday-wrap-up\\\/\",\"url\":\"https:\\\/\\\/www.benchmarkemail.com\\\/it\\\/12-days-of-benchmark\\\/holiday-wrap-up\\\/\",\"name\":\"Riepilogo delle festivit\u00e0: il tuo kit di sopravvivenza per i 12 giorni di Benchmark - Benchmark Email\",\"isPartOf\":{\"@id\":\"https:\\\/\\\/www.benchmarkemail.com\\\/it\\\/#website\"},\"primaryImageOfPage\":{\"@id\":\"https:\\\/\\\/www.benchmarkemail.com\\\/it\\\/12-days-of-benchmark\\\/holiday-wrap-up\\\/#primaryimage\"},\"image\":{\"@id\":\"https:\\\/\\\/www.benchmarkemail.com\\\/it\\\/12-days-of-benchmark\\\/holiday-wrap-up\\\/#primaryimage\"},\"thumbnailUrl\":\"https:\\\/\\\/www.benchmarkemail.com\\\/wp-content\\\/uploads\\\/2025\\\/11\\\/Group.svg\",\"datePublished\":\"2025-11-30T10:59:50+00:00\",\"dateModified\":\"2025-12-09T11:13:00+00:00\",\"description\":\"Ecco il nostro riepilogo delle festivit\u00e0 con i punti salienti dei 12 giorni di Benchmark, pi\u00f9 un ultimo bonus per aiutarti a inviare email in modo pi\u00f9 intelligente nel 2026.\",\"breadcrumb\":{\"@id\":\"https:\\\/\\\/www.benchmarkemail.com\\\/it\\\/12-days-of-benchmark\\\/holiday-wrap-up\\\/#breadcrumb\"},\"inLanguage\":\"en-US\",\"potentialAction\":[{\"@type\":\"ReadAction\",\"target\":[\"https:\\\/\\\/www.benchmarkemail.com\\\/it\\\/12-days-of-benchmark\\\/holiday-wrap-up\\\/\"]}]},{\"@type\":\"ImageObject\",\"inLanguage\":\"en-US\",\"@id\":\"https:\\\/\\\/www.benchmarkemail.com\\\/it\\\/12-days-of-benchmark\\\/holiday-wrap-up\\\/#primaryimage\",\"url\":\"https:\\\/\\\/www.benchmarkemail.com\\\/wp-content\\\/uploads\\\/2025\\\/11\\\/Group.svg\",\"contentUrl\":\"https:\\\/\\\/www.benchmarkemail.com\\\/wp-content\\\/uploads\\\/2025\\\/11\\\/Group.svg\"},{\"@type\":\"BreadcrumbList\",\"@id\":\"https:\\\/\\\/www.benchmarkemail.com\\\/it\\\/12-days-of-benchmark\\\/holiday-wrap-up\\\/#breadcrumb\",\"itemListElement\":[{\"@type\":\"ListItem\",\"position\":1,\"name\":\"Home\",\"item\":\"https:\\\/\\\/www.benchmarkemail.com\\\/it\\\/\"},{\"@type\":\"ListItem\",\"position\":2,\"name\":\"12 giorni di regali natalizi &#8211; Benchmark Email\",\"item\":\"https:\\\/\\\/www.benchmarkemail.com\\\/it\\\/12-days-of-benchmark\\\/\"},{\"@type\":\"ListItem\",\"position\":3,\"name\":\"Riepilogo delle festivit\u00e0: il tuo kit di sopravvivenza per i 12 giorni di Benchmark\"}]},{\"@type\":\"WebSite\",\"@id\":\"https:\\\/\\\/www.benchmarkemail.com\\\/it\\\/#website\",\"url\":\"https:\\\/\\\/www.benchmarkemail.com\\\/it\\\/\",\"name\":\"Benchmark Email in italiano\",\"description\":\"Strumento di marketing digitale. Impara con noi l&#039;email marketing, l&#039;acquisizione di lead, l&#039;automazione ... e molto altro!\",\"publisher\":{\"@id\":\"https:\\\/\\\/www.benchmarkemail.com\\\/it\\\/#organization\"},\"potentialAction\":[{\"@type\":\"SearchAction\",\"target\":{\"@type\":\"EntryPoint\",\"urlTemplate\":\"https:\\\/\\\/www.benchmarkemail.com\\\/it\\\/?s={search_term_string}\"},\"query-input\":{\"@type\":\"PropertyValueSpecification\",\"valueRequired\":true,\"valueName\":\"search_term_string\"}}],\"inLanguage\":\"en-US\"},{\"@type\":\"Organization\",\"@id\":\"https:\\\/\\\/www.benchmarkemail.com\\\/it\\\/#organization\",\"name\":\"Benchmark Internet Group, LLC\",\"url\":\"https:\\\/\\\/www.benchmarkemail.com\\\/it\\\/\",\"logo\":{\"@type\":\"ImageObject\",\"inLanguage\":\"en-US\",\"@id\":\"https:\\\/\\\/www.benchmarkemail.com\\\/it\\\/#\\\/schema\\\/logo\\\/image\\\/\",\"url\":\"https:\\\/\\\/www.benchmarkemail.com\\\/it\\\/wp-content\\\/uploads\\\/sites\\\/7\\\/2019\\\/09\\\/benchmark-logo.svg\",\"contentUrl\":\"https:\\\/\\\/www.benchmarkemail.com\\\/it\\\/wp-content\\\/uploads\\\/sites\\\/7\\\/2019\\\/09\\\/benchmark-logo.svg\",\"width\":1,\"height\":1,\"caption\":\"Benchmark Internet Group, LLC\"},\"image\":{\"@id\":\"https:\\\/\\\/www.benchmarkemail.com\\\/it\\\/#\\\/schema\\\/logo\\\/image\\\/\"},\"sameAs\":[\"https:\\\/\\\/www.facebook.com\\\/BenchmarkEmail\",\"https:\\\/\\\/x.com\\\/benchmarkemail\",\"https:\\\/\\\/www.instagram.com\\\/benchmarkemail\\\/\",\"https:\\\/\\\/www.linkedin.com\\\/company\\\/benchmark-email\\\/\",\"https:\\\/\\\/www.youtube.com\\\/channel\\\/UCVInnPuEMisNE8mXRTC9-Uw\"]}]}<\/script>\n<!-- \/ Yoast SEO plugin. -->","yoast_head_json":{"title":"Riepilogo delle festivit\u00e0: il tuo kit di sopravvivenza per i 12 giorni di Benchmark - Benchmark Email","description":"Ecco il nostro riepilogo delle festivit\u00e0 con i punti salienti dei 12 giorni di Benchmark, pi\u00f9 un ultimo bonus per aiutarti a inviare email in modo pi\u00f9 intelligente nel 2026.","robots":{"index":"index","follow":"follow","max-snippet":"max-snippet:-1","max-image-preview":"max-image-preview:large","max-video-preview":"max-video-preview:-1"},"canonical":"https:\/\/www.benchmarkemail.com\/it\/12-days-of-benchmark\/holiday-wrap-up\/","og_locale":"en_US","og_type":"article","og_title":"Riepilogo delle festivit\u00e0: il tuo kit di sopravvivenza per i 12 giorni di Benchmark - Benchmark Email","og_description":"Ecco il nostro riepilogo delle festivit\u00e0 con i punti salienti dei 12 giorni di Benchmark, pi\u00f9 un ultimo bonus per aiutarti a inviare email in modo pi\u00f9 intelligente nel 2026.","og_url":"https:\/\/www.benchmarkemail.com\/it\/12-days-of-benchmark\/holiday-wrap-up\/","og_site_name":"Benchmark Email in italiano","article_publisher":"https:\/\/www.facebook.com\/BenchmarkEmail","article_modified_time":"2025-12-09T11:13:00+00:00","og_image":[{"url":"https:\/\/www.benchmarkemail.com\/wp-content\/uploads\/2025\/11\/Group.svg","type":"","width":"","height":""}],"twitter_card":"summary_large_image","twitter_site":"@benchmarkemail","twitter_misc":{"Est. reading time":"2 minutes"},"schema":{"@context":"https:\/\/schema.org","@graph":[{"@type":"WebPage","@id":"https:\/\/www.benchmarkemail.com\/it\/12-days-of-benchmark\/holiday-wrap-up\/","url":"https:\/\/www.benchmarkemail.com\/it\/12-days-of-benchmark\/holiday-wrap-up\/","name":"Riepilogo delle festivit\u00e0: il tuo kit di sopravvivenza per i 12 giorni di Benchmark - Benchmark Email","isPartOf":{"@id":"https:\/\/www.benchmarkemail.com\/it\/#website"},"primaryImageOfPage":{"@id":"https:\/\/www.benchmarkemail.com\/it\/12-days-of-benchmark\/holiday-wrap-up\/#primaryimage"},"image":{"@id":"https:\/\/www.benchmarkemail.com\/it\/12-days-of-benchmark\/holiday-wrap-up\/#primaryimage"},"thumbnailUrl":"https:\/\/www.benchmarkemail.com\/wp-content\/uploads\/2025\/11\/Group.svg","datePublished":"2025-11-30T10:59:50+00:00","dateModified":"2025-12-09T11:13:00+00:00","description":"Ecco il nostro riepilogo delle festivit\u00e0 con i punti salienti dei 12 giorni di Benchmark, pi\u00f9 un ultimo bonus per aiutarti a inviare email in modo pi\u00f9 intelligente nel 2026.","breadcrumb":{"@id":"https:\/\/www.benchmarkemail.com\/it\/12-days-of-benchmark\/holiday-wrap-up\/#breadcrumb"},"inLanguage":"en-US","potentialAction":[{"@type":"ReadAction","target":["https:\/\/www.benchmarkemail.com\/it\/12-days-of-benchmark\/holiday-wrap-up\/"]}]},{"@type":"ImageObject","inLanguage":"en-US","@id":"https:\/\/www.benchmarkemail.com\/it\/12-days-of-benchmark\/holiday-wrap-up\/#primaryimage","url":"https:\/\/www.benchmarkemail.com\/wp-content\/uploads\/2025\/11\/Group.svg","contentUrl":"https:\/\/www.benchmarkemail.com\/wp-content\/uploads\/2025\/11\/Group.svg"},{"@type":"BreadcrumbList","@id":"https:\/\/www.benchmarkemail.com\/it\/12-days-of-benchmark\/holiday-wrap-up\/#breadcrumb","itemListElement":[{"@type":"ListItem","position":1,"name":"Home","item":"https:\/\/www.benchmarkemail.com\/it\/"},{"@type":"ListItem","position":2,"name":"12 giorni di regali natalizi &#8211; Benchmark Email","item":"https:\/\/www.benchmarkemail.com\/it\/12-days-of-benchmark\/"},{"@type":"ListItem","position":3,"name":"Riepilogo delle festivit\u00e0: il tuo kit di sopravvivenza per i 12 giorni di Benchmark"}]},{"@type":"WebSite","@id":"https:\/\/www.benchmarkemail.com\/it\/#website","url":"https:\/\/www.benchmarkemail.com\/it\/","name":"Benchmark Email in italiano","description":"Strumento di marketing digitale. Impara con noi l&#039;email marketing, l&#039;acquisizione di lead, l&#039;automazione ... e molto altro!","publisher":{"@id":"https:\/\/www.benchmarkemail.com\/it\/#organization"},"potentialAction":[{"@type":"SearchAction","target":{"@type":"EntryPoint","urlTemplate":"https:\/\/www.benchmarkemail.com\/it\/?s={search_term_string}"},"query-input":{"@type":"PropertyValueSpecification","valueRequired":true,"valueName":"search_term_string"}}],"inLanguage":"en-US"},{"@type":"Organization","@id":"https:\/\/www.benchmarkemail.com\/it\/#organization","name":"Benchmark Internet Group, LLC","url":"https:\/\/www.benchmarkemail.com\/it\/","logo":{"@type":"ImageObject","inLanguage":"en-US","@id":"https:\/\/www.benchmarkemail.com\/it\/#\/schema\/logo\/image\/","url":"https:\/\/www.benchmarkemail.com\/it\/wp-content\/uploads\/sites\/7\/2019\/09\/benchmark-logo.svg","contentUrl":"https:\/\/www.benchmarkemail.com\/it\/wp-content\/uploads\/sites\/7\/2019\/09\/benchmark-logo.svg","width":1,"height":1,"caption":"Benchmark Internet Group, LLC"},"image":{"@id":"https:\/\/www.benchmarkemail.com\/it\/#\/schema\/logo\/image\/"},"sameAs":["https:\/\/www.facebook.com\/BenchmarkEmail","https:\/\/x.com\/benchmarkemail","https:\/\/www.instagram.com\/benchmarkemail\/","https:\/\/www.linkedin.com\/company\/benchmark-email\/","https:\/\/www.youtube.com\/channel\/UCVInnPuEMisNE8mXRTC9-Uw"]}]}},"_links":{"self":[{"href":"https:\/\/www.benchmarkemail.com\/it\/wp-json\/wp\/v2\/pages\/48669","targetHints":{"allow":["GET"]}}],"collection":[{"href":"https:\/\/www.benchmarkemail.com\/it\/wp-json\/wp\/v2\/pages"}],"about":[{"href":"https:\/\/www.benchmarkemail.com\/it\/wp-json\/wp\/v2\/types\/page"}],"author":[{"embeddable":true,"href":"https:\/\/www.benchmarkemail.com\/it\/wp-json\/wp\/v2\/users\/7"}],"replies":[{"embeddable":true,"href":"https:\/\/www.benchmarkemail.com\/it\/wp-json\/wp\/v2\/comments?post=48669"}],"version-history":[{"count":0,"href":"https:\/\/www.benchmarkemail.com\/it\/wp-json\/wp\/v2\/pages\/48669\/revisions"}],"up":[{"embeddable":true,"href":"https:\/\/www.benchmarkemail.com\/it\/wp-json\/wp\/v2\/pages\/48205"}],"wp:attachment":[{"href":"https:\/\/www.benchmarkemail.com\/it\/wp-json\/wp\/v2\/media?parent=48669"}],"curies":[{"name":"wp","href":"https:\/\/api.w.org\/{rel}","templated":true}]}}