{"id":58,"date":"2019-09-16T14:36:33","date_gmt":"2019-09-16T14:36:33","guid":{"rendered":"http:\/\/bme2.flywheelsites.com\/?page_id=58"},"modified":"2021-02-03T13:00:42","modified_gmt":"2021-02-03T13:00:42","slug":"customers","status":"publish","type":"page","link":"https:\/\/www.benchmarkemail.com\/it\/customers\/","title":{"rendered":"Customers"},"content":{"rendered":"\n\t<h1>Incontriamo i nostri Clienti<br \/>\n<\/h1>\n<h2>Con oltre 500.000 utenti, siamo orgogliosi di ringraziare molti nomi famosi<br \/>\n<\/h2>\n<p>Ogni cliente, dalla piccola azienda al grosso brand internazionale, \u00e8 molto importante per noi.<\/p>\n\t\t\t\t<img decoding=\"async\" src=\"https:\/\/www.benchmarkemail.com\/it\/wp-content\/uploads\/sites\/7\/2020\/02\/company-logos-it.png\" alt=\"company-logos-it\" itemprop=\"image\" title=\"company-logos-it\" onerror=\"this.style.display='none'\"  \/>\n\t\t<img alt=\"\" aria-hidden=\"true\" onload=\"this.parentNode.style.opacity=1;\" src=\n\t\t\"https:\/\/fast.wistia.com\/embed\/medias\/h75ki64jue\/swatch\" style=\n\t\t\"filter:blur(5px);height:100%;object-fit:contain;width:100%;\">\n\t<p>Al Kline<\/p>\nOWNER, CEO<br \/>\n<a href=\"https:\/\/www.yourchristmasstore.com\/canterburygardens\/\">CANTERBURY GARDENS<\/a>\n<p>\u201cSono molto soddisfatto del nostro email marketing perch\u00e9 \u00e8 un importante collegamento con i nostri clienti. Utilizziamo costantemente questo tool di marketing per migliorare la nostra presenza sul web.\u201d<\/p>\n\t\t<img alt=\"\" aria-hidden=\"true\" onload=\"this.parentNode.style.opacity=1;\" src=\n\t\t\"https:\/\/fast.wistia.com\/embed\/medias\/91logll7lz\/swatch\" style=\n\t\t\"filter:blur(5px);height:100%;object-fit:contain;width:100%;\">\n\t<p>Brian Harrington<\/p>\nOWNER, CEO<br \/>\n<a href=\"http:\/\/sunrisepos.com\">SUNRISE POS<\/a>\n<p>\u201cAbbiamo iniziato ad usare Benchmark circa 5 anni fa e continueremo sicuramente ad usarlo. E\u2019 assolutamente indispensabile per noi.\u201d<\/p>\n\t\t<img alt=\"\" aria-hidden=\"true\" onload=\"this.parentNode.style.opacity=1;\" src=\n\t\t\"https:\/\/fast.wistia.com\/embed\/medias\/wirwhcaoiy\/swatch\" style=\n\t\t\"filter:blur(5px);height:100%;object-fit:contain;width:100%;\">\n\t<p>Brandon Beechler<\/p>\nOWNER, CEO<br \/>\n<a href=\"http:\/\/www.bmbdezines.com \">BMB DEZINES<\/a>\n<p>\u201cLa migliore funzionalit\u00e0 per noi \u00e8 la possibilit\u00e0 di usare il nostro codice HTML. Consente il controllo completo su tutte le mie email e sull\u2019interazione con i miei clienti.\u201d<\/p>\n\t\t<img alt=\"\" aria-hidden=\"true\" onload=\"this.parentNode.style.opacity=1;\" src=\n\t\t\"https:\/\/fast.wistia.com\/embed\/medias\/exqhsv9ivj\/swatch\" style=\n\t\t\"filter:blur(5px);height:100%;object-fit:contain;width:100%;\">\n\t<p>Jerry Rice<\/p>\n<p><\/p>\nOWNER, CEO<br \/>\n<a href=\"http:\/\/www.ricegeneral.com\/\">RICE GENERAL<\/a>\n<p>\u201cLa mia funzionalit\u00e0 preferita \u00e8 quella delle liste multiple, e la capacit\u00e0 di inviare email differenti ai diversi cluster. Benchmark mi ha reso la vita pi\u00f9 facile, rendendo il mio ufficio pi\u00f9 organizzato.\u201d<\/p>\n<img decoding=\"async\" src=\"https:\/\/fast.wistia.com\/embed\/medias\/ld7t7x9t1b\/swatch\" alt=\"\" aria-hidden=\"true\" onload=\"this.parentNode.style.opacity=1;\" \/>\n\t<p>Mariana Gatto<\/p>\n<p><\/p>\nOWNER, CEO<br \/>\n<a href=\"http:\/\/www.italianhall.org\">ITALIAN MUSEUM OF LOS ANGELES<\/a>\n<p>\u201cUsiamo Benchmark per promuovere le adesioni e gli obiettivi del museo. Ci sono praticamente infiniti modi con cui usiamo Benchmark.\u201d<\/p>\n\t\t<img alt=\"\" aria-hidden=\"true\" onload=\"this.parentNode.style.opacity=1;\" src=\n\t\t\"https:\/\/fast.wistia.com\/embed\/medias\/tg916pdggh\/swatch\" style=\n\t\t\"filter:blur(5px);height:100%;object-fit:contain;width:100%;\">\n\t<p>Marcy Feldman<\/p>\nOWNER, CEO<br \/>\n<a href=\"http:\/\/www.stitchcafe.com\">STITCH CAFE<\/a>\n<p>\u201cLa mia laurea \u00e8 in Contabilit\u00e0, quindi amo grafici e charts. La prima volta che ho visto quante persone hanno aperto le mie email, questo mi ha reso felice!\u201d<\/p>\n\t\t\t\t<img alt=\"\" aria-hidden=\"true\" onload=\"this.parentNode.style.opacity=1;\"\n\t\t\t\tsrc=\"https:\/\/fast.wistia.com\/embed\/medias\/7hcutbaiod\/swatch\" style=\n\t\t\t\t\"filter:blur(5px);height:100%;object-fit:contain;width:100%;\">\n\t<p>Larry Walkemeyer<\/p>\nLEAD PASTOR<br \/>\n<a href=\"http:\/\/www.llcf.org\">LIGHT &#038; LIFE<\/a>\n<p>&#8220;La facilit\u00e0 d&#8217;uso di Benchmark \u00e8 la cosa che apprezzo di Benchmark, oltre alla possibilit\u00e0 di allegare i video da inviare ai nostri iscritti.\u201d<\/p>\n","protected":false},"excerpt":{"rendered":"<p>Incontriamo i nostri Clienti Con oltre 500.000 utenti, siamo orgogliosi di ringraziare molti nomi famosi Ogni cliente, dalla piccola azienda al grosso brand internazionale, \u00e8 molto importante per noi. Al Kline OWNER, CEO CANTERBURY GARDENS \u201cSono molto soddisfatto del nostro email marketing perch\u00e9 \u00e8 un importante collegamento con i nostri clienti. Utilizziamo costantemente questo tool&hellip;<\/p>\n","protected":false},"author":3,"featured_media":0,"parent":0,"menu_order":0,"comment_status":"closed","ping_status":"closed","template":"","meta":{"inline_featured_image":false,"footnotes":""},"class_list":["post-58","page","type-page","status-publish","hentry"],"yoast_head":"<!-- This site is optimized with the Yoast SEO plugin v27.3 - https:\/\/yoast.com\/product\/yoast-seo-wordpress\/ -->\n<title>Incontriamo i nostri Clienti - Benchmark Email<\/title>\n<meta name=\"robots\" content=\"index, follow, max-snippet:-1, max-image-preview:large, max-video-preview:-1\" \/>\n<link rel=\"canonical\" href=\"https:\/\/www.benchmarkemail.com\/it\/customers\/\" \/>\n<meta property=\"og:locale\" content=\"en_US\" \/>\n<meta property=\"og:type\" content=\"article\" \/>\n<meta property=\"og:title\" content=\"Incontriamo i nostri Clienti - Benchmark Email\" \/>\n<meta property=\"og:description\" content=\"Incontriamo i nostri Clienti Con oltre 500.000 utenti, siamo orgogliosi di ringraziare molti nomi famosi Ogni cliente, dalla piccola azienda al grosso brand internazionale, \u00e8 molto importante per noi. Al Kline OWNER, CEO CANTERBURY GARDENS \u201cSono molto soddisfatto del nostro email marketing perch\u00e9 \u00e8 un importante collegamento con i nostri clienti. Utilizziamo costantemente questo tool&hellip;\" \/>\n<meta property=\"og:url\" content=\"https:\/\/www.benchmarkemail.com\/it\/customers\/\" \/>\n<meta property=\"og:site_name\" content=\"Benchmark Email in italiano\" \/>\n<meta property=\"article:publisher\" content=\"https:\/\/www.facebook.com\/BenchmarkEmail\" \/>\n<meta property=\"article:modified_time\" content=\"2021-02-03T13:00:42+00:00\" \/>\n<meta property=\"og:image\" content=\"https:\/\/www.benchmarkemail.com\/it\/wp-content\/uploads\/sites\/7\/2020\/02\/company-logos-it.png\" \/>\n<meta name=\"twitter:card\" content=\"summary_large_image\" \/>\n<meta name=\"twitter:site\" content=\"@benchmarkemail\" \/>\n<script type=\"application\/ld+json\" class=\"yoast-schema-graph\">{\"@context\":\"https:\\\/\\\/schema.org\",\"@graph\":[{\"@type\":\"WebPage\",\"@id\":\"https:\\\/\\\/www.benchmarkemail.com\\\/it\\\/customers\\\/\",\"url\":\"https:\\\/\\\/www.benchmarkemail.com\\\/it\\\/customers\\\/\",\"name\":\"Incontriamo i nostri Clienti - Benchmark Email\",\"isPartOf\":{\"@id\":\"https:\\\/\\\/www.benchmarkemail.com\\\/it\\\/#website\"},\"primaryImageOfPage\":{\"@id\":\"https:\\\/\\\/www.benchmarkemail.com\\\/it\\\/customers\\\/#primaryimage\"},\"image\":{\"@id\":\"https:\\\/\\\/www.benchmarkemail.com\\\/it\\\/customers\\\/#primaryimage\"},\"thumbnailUrl\":\"https:\\\/\\\/www.benchmarkemail.com\\\/it\\\/wp-content\\\/uploads\\\/sites\\\/7\\\/2020\\\/02\\\/company-logos-it.png\",\"datePublished\":\"2019-09-16T14:36:33+00:00\",\"dateModified\":\"2021-02-03T13:00:42+00:00\",\"breadcrumb\":{\"@id\":\"https:\\\/\\\/www.benchmarkemail.com\\\/it\\\/customers\\\/#breadcrumb\"},\"inLanguage\":\"en-US\",\"potentialAction\":[{\"@type\":\"ReadAction\",\"target\":[\"https:\\\/\\\/www.benchmarkemail.com\\\/it\\\/customers\\\/\"]}]},{\"@type\":\"ImageObject\",\"inLanguage\":\"en-US\",\"@id\":\"https:\\\/\\\/www.benchmarkemail.com\\\/it\\\/customers\\\/#primaryimage\",\"url\":\"https:\\\/\\\/www.benchmarkemail.com\\\/it\\\/wp-content\\\/uploads\\\/sites\\\/7\\\/2020\\\/02\\\/company-logos-it.png\",\"contentUrl\":\"https:\\\/\\\/www.benchmarkemail.com\\\/it\\\/wp-content\\\/uploads\\\/sites\\\/7\\\/2020\\\/02\\\/company-logos-it.png\",\"width\":1366,\"height\":570},{\"@type\":\"BreadcrumbList\",\"@id\":\"https:\\\/\\\/www.benchmarkemail.com\\\/it\\\/customers\\\/#breadcrumb\",\"itemListElement\":[{\"@type\":\"ListItem\",\"position\":1,\"name\":\"Home\",\"item\":\"https:\\\/\\\/www.benchmarkemail.com\\\/it\\\/\"},{\"@type\":\"ListItem\",\"position\":2,\"name\":\"Customers\"}]},{\"@type\":\"WebSite\",\"@id\":\"https:\\\/\\\/www.benchmarkemail.com\\\/it\\\/#website\",\"url\":\"https:\\\/\\\/www.benchmarkemail.com\\\/it\\\/\",\"name\":\"Benchmark Email in italiano\",\"description\":\"Strumento di marketing digitale. Impara con noi l&#039;email marketing, l&#039;acquisizione di lead, l&#039;automazione ... e molto altro!\",\"publisher\":{\"@id\":\"https:\\\/\\\/www.benchmarkemail.com\\\/it\\\/#organization\"},\"potentialAction\":[{\"@type\":\"SearchAction\",\"target\":{\"@type\":\"EntryPoint\",\"urlTemplate\":\"https:\\\/\\\/www.benchmarkemail.com\\\/it\\\/?s={search_term_string}\"},\"query-input\":{\"@type\":\"PropertyValueSpecification\",\"valueRequired\":true,\"valueName\":\"search_term_string\"}}],\"inLanguage\":\"en-US\"},{\"@type\":\"Organization\",\"@id\":\"https:\\\/\\\/www.benchmarkemail.com\\\/it\\\/#organization\",\"name\":\"Benchmark Internet Group, LLC\",\"url\":\"https:\\\/\\\/www.benchmarkemail.com\\\/it\\\/\",\"logo\":{\"@type\":\"ImageObject\",\"inLanguage\":\"en-US\",\"@id\":\"https:\\\/\\\/www.benchmarkemail.com\\\/it\\\/#\\\/schema\\\/logo\\\/image\\\/\",\"url\":\"https:\\\/\\\/www.benchmarkemail.com\\\/it\\\/wp-content\\\/uploads\\\/sites\\\/7\\\/2019\\\/09\\\/benchmark-logo.svg\",\"contentUrl\":\"https:\\\/\\\/www.benchmarkemail.com\\\/it\\\/wp-content\\\/uploads\\\/sites\\\/7\\\/2019\\\/09\\\/benchmark-logo.svg\",\"width\":1,\"height\":1,\"caption\":\"Benchmark Internet Group, LLC\"},\"image\":{\"@id\":\"https:\\\/\\\/www.benchmarkemail.com\\\/it\\\/#\\\/schema\\\/logo\\\/image\\\/\"},\"sameAs\":[\"https:\\\/\\\/www.facebook.com\\\/BenchmarkEmail\",\"https:\\\/\\\/x.com\\\/benchmarkemail\",\"https:\\\/\\\/www.instagram.com\\\/benchmarkemail\\\/\",\"https:\\\/\\\/www.linkedin.com\\\/company\\\/benchmark-email\\\/\",\"https:\\\/\\\/www.youtube.com\\\/channel\\\/UCVInnPuEMisNE8mXRTC9-Uw\"]}]}<\/script>\n<!-- \/ Yoast SEO plugin. -->","yoast_head_json":{"title":"Incontriamo i nostri Clienti - Benchmark Email","robots":{"index":"index","follow":"follow","max-snippet":"max-snippet:-1","max-image-preview":"max-image-preview:large","max-video-preview":"max-video-preview:-1"},"canonical":"https:\/\/www.benchmarkemail.com\/it\/customers\/","og_locale":"en_US","og_type":"article","og_title":"Incontriamo i nostri Clienti - Benchmark Email","og_description":"Incontriamo i nostri Clienti Con oltre 500.000 utenti, siamo orgogliosi di ringraziare molti nomi famosi Ogni cliente, dalla piccola azienda al grosso brand internazionale, \u00e8 molto importante per noi. Al Kline OWNER, CEO CANTERBURY GARDENS \u201cSono molto soddisfatto del nostro email marketing perch\u00e9 \u00e8 un importante collegamento con i nostri clienti. Utilizziamo costantemente questo tool&hellip;","og_url":"https:\/\/www.benchmarkemail.com\/it\/customers\/","og_site_name":"Benchmark Email in italiano","article_publisher":"https:\/\/www.facebook.com\/BenchmarkEmail","article_modified_time":"2021-02-03T13:00:42+00:00","og_image":[{"url":"https:\/\/www.benchmarkemail.com\/it\/wp-content\/uploads\/sites\/7\/2020\/02\/company-logos-it.png","type":"","width":"","height":""}],"twitter_card":"summary_large_image","twitter_site":"@benchmarkemail","schema":{"@context":"https:\/\/schema.org","@graph":[{"@type":"WebPage","@id":"https:\/\/www.benchmarkemail.com\/it\/customers\/","url":"https:\/\/www.benchmarkemail.com\/it\/customers\/","name":"Incontriamo i nostri Clienti - Benchmark Email","isPartOf":{"@id":"https:\/\/www.benchmarkemail.com\/it\/#website"},"primaryImageOfPage":{"@id":"https:\/\/www.benchmarkemail.com\/it\/customers\/#primaryimage"},"image":{"@id":"https:\/\/www.benchmarkemail.com\/it\/customers\/#primaryimage"},"thumbnailUrl":"https:\/\/www.benchmarkemail.com\/it\/wp-content\/uploads\/sites\/7\/2020\/02\/company-logos-it.png","datePublished":"2019-09-16T14:36:33+00:00","dateModified":"2021-02-03T13:00:42+00:00","breadcrumb":{"@id":"https:\/\/www.benchmarkemail.com\/it\/customers\/#breadcrumb"},"inLanguage":"en-US","potentialAction":[{"@type":"ReadAction","target":["https:\/\/www.benchmarkemail.com\/it\/customers\/"]}]},{"@type":"ImageObject","inLanguage":"en-US","@id":"https:\/\/www.benchmarkemail.com\/it\/customers\/#primaryimage","url":"https:\/\/www.benchmarkemail.com\/it\/wp-content\/uploads\/sites\/7\/2020\/02\/company-logos-it.png","contentUrl":"https:\/\/www.benchmarkemail.com\/it\/wp-content\/uploads\/sites\/7\/2020\/02\/company-logos-it.png","width":1366,"height":570},{"@type":"BreadcrumbList","@id":"https:\/\/www.benchmarkemail.com\/it\/customers\/#breadcrumb","itemListElement":[{"@type":"ListItem","position":1,"name":"Home","item":"https:\/\/www.benchmarkemail.com\/it\/"},{"@type":"ListItem","position":2,"name":"Customers"}]},{"@type":"WebSite","@id":"https:\/\/www.benchmarkemail.com\/it\/#website","url":"https:\/\/www.benchmarkemail.com\/it\/","name":"Benchmark Email in italiano","description":"Strumento di marketing digitale. Impara con noi l&#039;email marketing, l&#039;acquisizione di lead, l&#039;automazione ... e molto altro!","publisher":{"@id":"https:\/\/www.benchmarkemail.com\/it\/#organization"},"potentialAction":[{"@type":"SearchAction","target":{"@type":"EntryPoint","urlTemplate":"https:\/\/www.benchmarkemail.com\/it\/?s={search_term_string}"},"query-input":{"@type":"PropertyValueSpecification","valueRequired":true,"valueName":"search_term_string"}}],"inLanguage":"en-US"},{"@type":"Organization","@id":"https:\/\/www.benchmarkemail.com\/it\/#organization","name":"Benchmark Internet Group, LLC","url":"https:\/\/www.benchmarkemail.com\/it\/","logo":{"@type":"ImageObject","inLanguage":"en-US","@id":"https:\/\/www.benchmarkemail.com\/it\/#\/schema\/logo\/image\/","url":"https:\/\/www.benchmarkemail.com\/it\/wp-content\/uploads\/sites\/7\/2019\/09\/benchmark-logo.svg","contentUrl":"https:\/\/www.benchmarkemail.com\/it\/wp-content\/uploads\/sites\/7\/2019\/09\/benchmark-logo.svg","width":1,"height":1,"caption":"Benchmark Internet Group, LLC"},"image":{"@id":"https:\/\/www.benchmarkemail.com\/it\/#\/schema\/logo\/image\/"},"sameAs":["https:\/\/www.facebook.com\/BenchmarkEmail","https:\/\/x.com\/benchmarkemail","https:\/\/www.instagram.com\/benchmarkemail\/","https:\/\/www.linkedin.com\/company\/benchmark-email\/","https:\/\/www.youtube.com\/channel\/UCVInnPuEMisNE8mXRTC9-Uw"]}]}},"_links":{"self":[{"href":"https:\/\/www.benchmarkemail.com\/it\/wp-json\/wp\/v2\/pages\/58","targetHints":{"allow":["GET"]}}],"collection":[{"href":"https:\/\/www.benchmarkemail.com\/it\/wp-json\/wp\/v2\/pages"}],"about":[{"href":"https:\/\/www.benchmarkemail.com\/it\/wp-json\/wp\/v2\/types\/page"}],"author":[{"embeddable":true,"href":"https:\/\/www.benchmarkemail.com\/it\/wp-json\/wp\/v2\/users\/3"}],"replies":[{"embeddable":true,"href":"https:\/\/www.benchmarkemail.com\/it\/wp-json\/wp\/v2\/comments?post=58"}],"version-history":[{"count":0,"href":"https:\/\/www.benchmarkemail.com\/it\/wp-json\/wp\/v2\/pages\/58\/revisions"}],"wp:attachment":[{"href":"https:\/\/www.benchmarkemail.com\/it\/wp-json\/wp\/v2\/media?parent=58"}],"curies":[{"name":"wp","href":"https:\/\/api.w.org\/{rel}","templated":true}]}}