{"id":8663,"date":"2020-01-06T13:37:37","date_gmt":"2020-01-06T13:37:37","guid":{"rendered":"http:\/\/bme2.flywheelsites.com\/?page_id=8663"},"modified":"2025-11-27T15:14:47","modified_gmt":"2025-11-27T15:14:47","slug":"cookie-policy","status":"publish","type":"page","link":"https:\/\/www.benchmarkemail.com\/it\/cookie-policy\/","title":{"rendered":"Cookie Policy"},"content":{"rendered":"\n<h2>\n\t\t\tTermini Sito\t<\/h2>\n\t<ul>\n<li><a href=\"https:\/\/www.benchmarkemail.com\/it\/privacy-policy\/\">Informativa Privacy<\/a><\/li>\n<li><a href=\"https:\/\/www.benchmarkemail.com\/it\/cookie-policy\/\">Cookie Policy<\/a><\/li>\n<li><a href=\"https:\/\/www.benchmarkemail.com\/it\/anti-spam-policy\/\">Informativa Anti-Spam<\/a><\/li>\n<li><a href=\"https:\/\/www.benchmarkemail.com\/it\/terms-of-use\/\">Termini e condizioni<\/a><\/li>\n<li><a href=\"https:\/\/www.benchmarkemail.com\/it\/spam-free-zone\/\">Zona Franca per lo Spam<\/a><\/li>\n<li><a href=\"https:\/\/www.benchmarkemail.com\/it\/user-pledge\/\">Doveri Utente<\/a><\/li>\n<li><a href=\"\/it\/data-processing-addendum\/\">Addendum sul trattamento dei dati<\/a><\/li><\/ul>\n<h1>\n\t\t\tCookie Policy\t<\/h1>\n<h6>\n\t\t\tQuesta politica sui cookie si applica solo agli utenti europei interessati dal RGPD\t<\/h6>\n\t<p>Benchmark Email \u00e8 di propriet\u00e0 e gestita da Benchmark Internet Group (&#8220;Benchmark&#8221;, &#8220;noi&#8221; e &#8220;nostro&#8221;). Questa \u00e8 la nostra Informativa sui cookie, che descrive in dettaglio come utilizziamo i cookie nel funzionamento della nostra attivit\u00e0 e quando gli iscritti dei nostri utenti visitano i siti o i negozi online di propriet\u00e0 dei nostri utenti o aprono e interagiscono con le campagne email inviate tramite i nostri strumenti. In questa dichiarazione, spiegheremo quali sono i cookie e perch\u00e9 Benchmark li utilizza. Inoltre, ti informeremo dei tuoi diritti in merito al controllo sul nostro utilizzo. La nostra Politica sui cookie sar\u00e0 parte delle nostre\u00a0<a href=\"https:\/\/www.benchmarkemail.com\/it\/TermsOfUse\">Condizioni d&#8217;uso\u00a0<\/a>. I termini utilizzati nella Politica sui cookie non definiti qui sono stati delineati nella nostra\u00a0<a href=\"https:\/\/www.benchmarkemail.comemail-marketing\/privacy-policy\">Informativa sulla privacy\u00a0<\/a>. Benchmark pu\u00f2 utilizzare le cookie per raccogliere informazioni personali o per la raccolta di informazioni che in seguito diventeranno informazioni personali se combinate con altre informazioni aggiuntive. Per ulteriori dettagli su come Benchmark elabora le tue informazioni personali, puoi consultare la nostre\u00a0<a href=\"https:\/\/www.benchmarkemail.com\/it\/email-marketing\/privacy-policy\">Informativa sulla privacy\u00a0<\/a>e\u00a0<a href=\"https:\/\/www.benchmarkemail.com\/it\/cookie-policy#cookiesettings\">Impostazioni Cookie\u00a0<\/a>.<\/p>\n<h4><strong>Cosa sono le cookie?<\/strong><\/h4>\n<p>Oltre ad essere lo snack preferito di un mostro amato, peloso e blu, i cookie sono piccole porzioni di dati che vengono posizionate sui computer o sui dispositivi mobili dei visitatori del sito. L&#8217;utilizzo dei cookie \u00e8 una pratica standard in tutto il Web da parte di societ\u00e0 SaaS online, come la nostra, allo scopo (ad esempio) di creare una funzione di sito o servizio, o una funzione migliore e di fornire dati di report.<\/p>\n<p>I cookie che vengono inseriti dal proprietario del sito o dal fornitore di servizi (come Benchmark) sono noti come &#8220;cookie di prima parte&#8221;. I cookie che vengono inseriti dai proprietari dei siti con cui collaboriamo sono noti come &#8220;cookie di terze parti&#8221;. Ad esempio, consentono a un partner di integrazione di accedere ai dati necessari affinch\u00e9 strumenti o funzioni vengano eseguite correttamente. Queste societ\u00e0 terze possono identificare il tuo computer o dispositivo mobile quando visita il sito o il servizio che ha inserito il cookie, cos\u00ec come altri siti e servizi.<\/p>\n<h4>In che modo il benchmark utilizza i cookie?<\/h4>\n<p>Esistono vari motivi per l&#8217;utilizzo di cookie di prima o di terza parte. Alcuni sono necessari per il nostro sito e gli strumenti per un corretto funzionamento. Questi sono noti come cookie essenziali o strettamente necessari. Alcuni cookie vengono utilizzati per aiutare noi e terze parti a fornire il messaggio pi\u00f9 pertinente e vengono definiti cookie di prestazioni o funzionalit\u00e0. Ad esempio, utilizziamo questi tipi di cookie per ottimizzare la tua esperienza utente e fornire feedback sugli strumenti che stai utilizzando o che potrebbero esserti utili. Inoltre, alcuni cookie vengono utilizzati per consentire a Benchmark e ai suoi utenti di monitorare gli iscritti. Infine, ci sono alcuni cookie di terze parti che aiutano con la pubblicit\u00e0, i dati di segnalazione e altro ancora. Puoi trovare ulteriori informazioni sull&#8217;uso dei cookie specifici di seguito.<\/p>\n<h4>Cookies Serviti da Benchmark<\/h4>\n<p>Ecco alcune informazioni aggiuntive sui tipi di cookie utilizzati da Benchmark:<\/p>\n<p>Cookie strettamente necessari<\/p>\n<p>Questi cookie sono necessari per il funzionamento del sito e non possono essere disattivati \u200b\u200bnei nostri sistemi. Di solito vengono impostati solo in risposta alle azioni da te effettuate che costituiscono una richiesta di servizi, come l&#8217;impostazione delle preferenze di privacy, l&#8217;accesso o la compilazione di moduli. Puoi impostare il tuo browser per bloccare o avere avvisi riguardo questi cookie, ma di conseguenza alcune parti del sito non funzioneranno. Questi cookie non memorizzano informazioni personali.<\/p>\n<p>Cookie<\/p>\n<p>Categorie<\/p>\n<p>Benchmark<\/p>\n<p>Cookie strettamente necessari generati da Benchmark. Queste sono le cookie di sessione generali della piattaforma.<\/p>\n<ul>\n<li>PHPSESSID<\/li>\n<li>ASP.NET_SessionId<\/li>\n<\/ul>\n<p>OneTrust<\/p>\n<p>Questa cookie \u00e8 impostata dalla soluzione di conformit\u00e0 delle cookie OneTrust.<\/p>\n<ul>\n<li>OptanonConsent<\/li>\n<li>OptanonAlertBoxClosed<\/li>\n<\/ul>\n<p>WordPress<\/p>\n<p>Cookie impostate per le funzionalit\u00e0 della piattaforma WordPress.<\/p>\n<ul>\n<li>pll_language<\/li>\n<li>wordpress_test_cookie<\/li>\n<\/ul>\n<p>Cookie di prestazione<\/p>\n<p>Questi cookie ci permettono di contare le visite e fonti di traffico in modo da poter misurare e migliorare le prestazioni del nostro sito. Ci aiutano a sapere quali sono le pagine pi\u00f9 e meno popolari e vedere come i visitatori si muovono nel sito. Tutte le informazioni raccolte dai cookie sono aggregate e quindi anonime. Se non consenti questi cookie, non sapremo quando hai visitato il nostro sito e non saremo in grado di monitorare le tue prestazioni.<\/p>\n<p>Cookie<\/p>\n<p>Categorie<\/p>\n<p>Google Analytics<\/p>\n<p>Utilizzato per distinguere gli utenti, calcolare i dati relativi alle visite, sessioni e campagne per i report di analisi dei siti.<\/p>\n<ul>\n<li>_gat_UA-nnnnnnn-nn<\/li>\n<li>_ga<\/li>\n<li>__utmz<\/li>\n<li>__utma<\/li>\n<li>_gid<\/li>\n<li>__utmt<\/li>\n<li>_gat<\/li>\n<li>ubvt<\/li>\n<li>__utmv<\/li>\n<li>__utmb<\/li>\n<li>__utmc<\/li>\n<li>_gat_UA-43979731-4<\/li>\n<\/ul>\n<p>Cookie funzionali<\/p>\n<p>Questi cookie consentono al sito di fornire funzionalit\u00e0 e personalizzazione avanzate. Possono essere impostati da noi o da provider di terze parti i cui servizi sono stati aggiunto alle nostre pagine. Se non si autorizzano questi cookie, alcuni o tutti questi servizi potrebbero non funzionare correttamente.<\/p>\n<p>Cookie<\/p>\n<p>Categorie<\/p>\n<p>LiveChat<\/p>\n<p>Imposta un ID univoco per consentire a Live Chat di identificare il visitatore.<\/p>\n<ul>\n<li>__lc.visitor_id.nnnnnnn<\/li>\n<li>__atuvc<\/li>\n<li>lc_window_state<\/li>\n<li>__atuvs<\/li>\n<li>__lc_vv<\/li>\n<li>main_window_timestamp_9<\/li>\n<li>notification[personal_invitation]<\/li>\n<li>__livechat_lastvisit<\/li>\n<li>main_window_timestamp_2<\/li>\n<li>main_window_timestamp_8<\/li>\n<li>recent_window<\/li>\n<li>main_window_timestamp_10<\/li>\n<li>__livechat<\/li>\n<li>main_window_timestamp_12<\/li>\n<li>message_text<\/li>\n<li>main_window_timestamp<\/li>\n<li>main_window_timestamp_6<\/li>\n<li>notification[status_ping]<\/li>\n<li>main_window_timestamp_13<\/li>\n<li>main_window_timestamp_5<\/li>\n<li>3rdparty<\/li>\n<li>main_window_timestamp_1<\/li>\n<\/ul>\n<p>Chat Plus<\/p>\n<p>Software di chat per il nostro sito giapponese. Tiene traccia dell&#8217;ID univoco del visitatore.<\/p>\n<ul>\n<li>jp_chatplus_vtoken<\/li>\n<\/ul>\n<p>Twitter<\/p>\n<p>Queste cookie aiutano Twitter a migliorare e comprendere come le persone utilizzano i loro servizi, inclusi pulsanti e widget di Twitter e Twitter Ads.<\/p>\n<ul>\n<li>auth_token<\/li>\n<li>twll<\/li>\n<li>__utmz<\/li>\n<li>secure_session<\/li>\n<li>guest_id<\/li>\n<li>__utma<\/li>\n<li>personalization_id<\/li>\n<li>remember_checked<\/li>\n<li>remember_checked_on<\/li>\n<\/ul>\n<p>Intercom<\/p>\n<p>Imposta un ID cookie univoco da associare al visitatore.<\/p>\n<ul>\n<li>intercom-id-ilz8qnxk<\/li>\n<\/ul>\n<p>Cookie per pubblicit\u00e0 mirata<\/p>\n<p>Questi cookie possono essere impostati tramite il nostro sito dai nostri partner pubblicitari. Possono essere utilizzati da queste aziende per costruire un profilo dei tuoi interessi e mostrarti annunci pertinenti su altri siti. Non memorizzano direttamente informazioni personali, ma sono basate unicamente sull&#8217;individuazione del tuo browser e del tuo dispositivo internet. Se non consentirai l&#8217;utilizzare questi cookie, riceverai una pubblicit\u00e0 meno mirata.<\/p>\n<p>Cookie<\/p>\n<p>Categorie<\/p>\n<p>Bing<\/p>\n<p>Queste cookie sono utilizzati dalla pubblicit\u00e0 di Microsoft per identificare in modo anonimo le sessioni degli utenti e aiutarci a misurare l&#8217;efficacia delle nostre campagne di marketing<\/p>\n<ul>\n<li>MUID<\/li>\n<\/ul>\n<p>Disqus<\/p>\n<ul>\n<li>__utmb<\/li>\n<li>__utma<\/li>\n<li>__jid<\/li>\n<li>__utmz<\/li>\n<li>__utmc<\/li>\n<li>__utmt<\/li>\n<li>G_ENABLED_IDPS<\/li>\n<li>disqus_unique<\/li>\n<\/ul>\n<p>DoubleClick<\/p>\n<p>Questa cookie \u00e8 associata al servizio pubblicitario DoubleClick di Google. Aiuta a monitorare i tassi di conversione per gli annunci.<\/p>\n<ul>\n<li>id<\/li>\n<\/ul>\n<p>Pinterest<\/p>\n<ul>\n<li>__utmz<\/li>\n<li>__utma<\/li>\n<li>_pinterest_sess<\/li>\n<li>__utmv<\/li>\n<\/ul>\n<p>Facebook<\/p>\n<ul>\n<li>datr<\/li>\n<li>fr<\/li>\n<\/ul>\n<p>LinkedIn<\/p>\n<ul>\n<li>leo_auth_token<\/li>\n<li>lidc<\/li>\n<li>bcookie<\/li>\n<li>__utma<\/li>\n<li>__utmv<\/li>\n<li>__utmz<\/li>\n<li>bscookie<\/li>\n<li>__qca<\/li>\n<li>visit<\/li>\n<li>JSESSIONID<\/li>\n<\/ul>\n<p>Yahoo<\/p>\n<ul>\n<li>B<\/li>\n<\/ul>\n<p>Google Maps<\/p>\n<ul>\n<li>APISID<\/li>\n<li>SSID<\/li>\n<li>NID<\/li>\n<li>SID<\/li>\n<li>SAPISID<\/li>\n<li>HSID<\/li>\n<\/ul>\n<p>SoundCloud<\/p>\n<ul>\n<li>__utma<\/li>\n<li>__utmz<\/li>\n<li>__utmb<\/li>\n<li>__utmt<\/li>\n<li>__utmc<\/li>\n<\/ul>\n<p>Cookie dei social media<\/p>\n<p>Questi cookie sono impostati da una serie di servizi di social media che abbiamo aggiunto al sito per consentire di condividere i nostri contenuti con i tuoi amici e connessioni. Questi sono in grado di monitorare il tuo browser in altri siti e di creare un profilo dei tuoi interessi. Ci\u00f2 potrebbe avere un impatto sul contenuto e messaggi visualizzati in altri siti web che visiti. Se non si accettano questi cookie, non \u00e8 possibile utilizzare o visualizzare questi strumenti di condivisione.<\/p>\n<p>Cookie<\/p>\n<p>Categorie<\/p>\n<p>AddThis<\/p>\n<ul>\n<li>loc<\/li>\n<li>mus<\/li>\n<li>uid<\/li>\n<li>uvc<\/li>\n<\/ul>\n\t<h4>Altre tecnologie di tracciamento<\/h4>\n<p>Benchmark e i suoi partner di integrazione di terze parti possono utilizzare tecnologie comparabili ai cookie occasionalmente. Questi includono pixel, web beacon o tecnologie di tracciamento simili. Questo ci consente di tenere traccia del coinvolgimento nelle emails e del sito Web, per il miglior utilizzo dei nostri strumenti. Inoltre, ci aiuta a perfezionare l&#8217;esperienza utente il pi\u00f9 possibile, ad esempio, per tracciare un visitatore da un annuncio, attraverso il nostro sito Web, per fornire i giusti messaggi e comunicazioni basati sugli interessi del visitatore. Queste tecnologie di tracciamento possono o non possono venire con la possibilit\u00e0 di rifiutarle o disabilitarle direttamente e possono fare affidamento sui cookie per il corretto funzionamento. In quanto, i cookie in declino influenzeranno negativamente le funzioni di queste tecnologie.<\/p>\n<h4>Pubblicit\u00e0 online mirata<\/h4>\n<p>Benchmark utilizza almeno una piattaforma di terze parti per il monitoraggio e l&#8217;analisi del comportamento e dei dati degli utenti. Utilizziamo inoltre almeno una piattaforma di terze parti per gestire e visualizzare annunci su altri siti.<\/p>\n<p>Le piattaforme di terze parti utilizzano cookie e altre tecnologie di tracciamento per coltivare informazioni sulle tue attivit\u00e0 online, sia sul nostro sito che su altri, e su app mobili, per pubblicare annunci mirati pertinenti ai tuoi interessi o esigenze. Per ulteriori informazioni su questo tipo di annunci, puoi andare qui:\u00a0<a href=\"http:\/\/www.aboutads.info\/choices\/\" target=\"_blank\" rel=\"noopener\">http:\/\/www.aboutads.info\/choices\/\u00a0<\/a>.<\/p>\n<p>Per monitorare l&#8217;efficacia di questi tipi di annunci, i fornitori di servizi di terze parti potrebbero utilizzare cookie o tecnologie simili per raccogliere dati sulle visite ai nostri siti e \/ o altri siti di terze parti. Questi dati non includono informazioni personali che potrebbero identificarti per nome o indirizzo email.<\/p>\n<h4>Cookie serviti attraverso gli strumenti del benchmark<\/h4>\n<h4>Campagne e-mail per gli utenti<\/h4>\n<p>In ogni email inviata con Benchmark viene inserito automaticamente un piccolo pixel. In questo modo puoi vedere se le tue email sono state aperte o se hanno fatto click. Questo pixel registra gli indirizzi email dei destinatari, l&#8217;indirizzo IP e la data e l&#8217;ora in cui ciascun utente apre e fa clic su un&#8217;e-mail specifica. Questo \u00e8 essenziale per il corretto funzionamento dei nostri strumenti di segnalazione.<\/p>\n<h4>Come posso controllare i cookie?<\/h4>\n<p>Puoi scegliere di accettare o rifiutare i cookie.<\/p>\n<p><strong>Centro preferenze sui cookie del sito web\u00a0: puoi decidere quali cookie autorizzare o accettare dal sito web di riferimento facendo clic sotto:<\/strong><\/p>\n<p>&nbsp;<\/p>\n<p><strong>Controlli del browser\u00a0: nelle preferenze o nel controllo del browser, puoi scegliere di accettare o rifiutare i cookie. Il rifiuto dei cookie ti consentir\u00e0 comunque di accedere al nostro sito, ma alcune funzionalit\u00e0 potrebbero essere limitate. Si noti che l&#8217;accettazione e il rifiuto dei cookie variano da browser a browser e devono essere gestiti singolarmente. \u00c8 possibile consultare il menu della guida di un browser per ulteriori indicazioni.<\/strong><\/p>\n<p><strong>Pubblicit\u00e0 basata su Internet\u00a0: molte piattaforme pubblicitarie ti consentono di disattivare i loro annunci. Per ulteriori informazioni, vedi\u00a0<a href=\"http:\/\/www.aboutads.info\/choices\/\" target=\"_blank\" rel=\"noopener\">http:\/\/www.aboutads.info\/choices\/\u00a0<\/a>o\u00a0<a href=\"http:\/\/www.youronlinechoices.com\/\" target=\"_ blank\">http:\/\/www.youronlinechoices.com\u00a0<\/a>.<\/strong><\/p>\n<p><strong>Pubblicit\u00e0 per dispositivi mobili:\u00a0puoi disattivare i tracker degli annunci per cellulari tramite le impostazioni sul tuo dispositivo Apple o Android e seguire le loro istruzioni. Se disattivi questi annunci, i tuoi dati verranno eliminati e non verranno raccolti ulteriori dati e il monitoraggio non si verificher\u00e0. L&#8217;identificazione precedentemente rilasciata dall&#8217;utente (o da una terza parte) verr\u00e0 rimossa, il che significa che sarai identificato come nuovo utente in un successivo accesso.<\/strong><\/p>\n<p><strong>Non tenere traccia\u00a0: molti browser popolari, come Firefox, Safari o Internet Explorer, ti permettono di trasferire i segnali Do not Track (DNT). Poich\u00e9 non esiste uno standard stabilito per i segnali DNT, al momento non elaboriamo o rispondiamo a questi segnali. Per Benchmark la tua privacy ha la massima importanza e monitorer\u00e0 la tecnologia DNT nei browser che vanno avanti. Puoi ottenere ulteriori informazioni su DNT visitando\u00a0<a href=\"https:\/\/allaboutdnt.com\/\" target=\"_blank\" rel=\"noopener\">Tutto su DNT\u00a0<\/a>.<\/strong><\/p>\n<h4>Con quale frequenza Benchmark aggiorner\u00e0 questa dichiarazione sui cookie?<\/h4>\n<p>Aggiorneremo la Politica sui cookie in base alle esigenze in merito alle modifiche alle leggi o ai regolamenti. \u00c8 nel tuo interesse rivedere regolarmente la nostra politica sui cookie, per tenerti aggiornato sulle ultime informazioni disponibili.<\/p>\n<p>La data nella nostra Politica sui cookie riflette l&#8217;aggiornamento pi\u00f9 recente.<\/p>\n\n","protected":false},"excerpt":{"rendered":"<p>Termini Sito Informativa Privacy Cookie Policy Informativa Anti-Spam Termini e condizioni Zona Franca per lo Spam Doveri Utente Addendum sul trattamento dei dati Cookie Policy Questa politica sui cookie si applica solo agli utenti europei interessati dal RGPD Benchmark Email \u00e8 di propriet\u00e0 e gestita da Benchmark Internet Group (&#8220;Benchmark&#8221;, &#8220;noi&#8221; e &#8220;nostro&#8221;). Questa \u00e8&hellip;<\/p>\n","protected":false},"author":7,"featured_media":0,"parent":0,"menu_order":0,"comment_status":"closed","ping_status":"closed","template":"","meta":{"inline_featured_image":false,"footnotes":""},"class_list":["post-8663","page","type-page","status-publish","hentry"],"yoast_head":"<!-- This site is optimized with the Yoast SEO plugin v27.5 - https:\/\/yoast.com\/product\/yoast-seo-wordpress\/ -->\n<title>Cookie Policy - Benchmark Email<\/title>\n<meta name=\"robots\" content=\"index, follow, max-snippet:-1, max-image-preview:large, max-video-preview:-1\" \/>\n<link rel=\"canonical\" href=\"https:\/\/www.benchmarkemail.com\/it\/cookie-policy\/\" \/>\n<meta property=\"og:locale\" content=\"en_US\" \/>\n<meta property=\"og:type\" content=\"article\" \/>\n<meta property=\"og:title\" content=\"Cookie Policy - Benchmark Email\" \/>\n<meta property=\"og:description\" content=\"Termini Sito Informativa Privacy Cookie Policy Informativa Anti-Spam Termini e condizioni Zona Franca per lo Spam Doveri Utente Addendum sul trattamento dei dati Cookie Policy Questa politica sui cookie si applica solo agli utenti europei interessati dal RGPD Benchmark Email \u00e8 di propriet\u00e0 e gestita da Benchmark Internet Group (&#8220;Benchmark&#8221;, &#8220;noi&#8221; e &#8220;nostro&#8221;). Questa \u00e8&hellip;\" \/>\n<meta property=\"og:url\" content=\"https:\/\/www.benchmarkemail.com\/it\/cookie-policy\/\" \/>\n<meta property=\"og:site_name\" content=\"Benchmark Email in italiano\" \/>\n<meta property=\"article:publisher\" content=\"https:\/\/www.facebook.com\/BenchmarkEmail\" \/>\n<meta property=\"article:modified_time\" content=\"2025-11-27T15:14:47+00:00\" \/>\n<meta name=\"twitter:card\" content=\"summary_large_image\" \/>\n<meta name=\"twitter:site\" content=\"@benchmarkemail\" \/>\n<meta name=\"twitter:label1\" content=\"Est. reading time\" \/>\n\t<meta name=\"twitter:data1\" content=\"10 minutes\" \/>\n<script type=\"application\/ld+json\" class=\"yoast-schema-graph\">{\"@context\":\"https:\\\/\\\/schema.org\",\"@graph\":[{\"@type\":\"WebPage\",\"@id\":\"https:\\\/\\\/www.benchmarkemail.com\\\/it\\\/cookie-policy\\\/\",\"url\":\"https:\\\/\\\/www.benchmarkemail.com\\\/it\\\/cookie-policy\\\/\",\"name\":\"Cookie Policy - Benchmark Email\",\"isPartOf\":{\"@id\":\"https:\\\/\\\/www.benchmarkemail.com\\\/it\\\/#website\"},\"datePublished\":\"2020-01-06T13:37:37+00:00\",\"dateModified\":\"2025-11-27T15:14:47+00:00\",\"breadcrumb\":{\"@id\":\"https:\\\/\\\/www.benchmarkemail.com\\\/it\\\/cookie-policy\\\/#breadcrumb\"},\"inLanguage\":\"en-US\",\"potentialAction\":[{\"@type\":\"ReadAction\",\"target\":[\"https:\\\/\\\/www.benchmarkemail.com\\\/it\\\/cookie-policy\\\/\"]}]},{\"@type\":\"BreadcrumbList\",\"@id\":\"https:\\\/\\\/www.benchmarkemail.com\\\/it\\\/cookie-policy\\\/#breadcrumb\",\"itemListElement\":[{\"@type\":\"ListItem\",\"position\":1,\"name\":\"Home\",\"item\":\"https:\\\/\\\/www.benchmarkemail.com\\\/it\\\/\"},{\"@type\":\"ListItem\",\"position\":2,\"name\":\"Cookie Policy\"}]},{\"@type\":\"WebSite\",\"@id\":\"https:\\\/\\\/www.benchmarkemail.com\\\/it\\\/#website\",\"url\":\"https:\\\/\\\/www.benchmarkemail.com\\\/it\\\/\",\"name\":\"Benchmark Email in italiano\",\"description\":\"Strumento di marketing digitale. Impara con noi l&#039;email marketing, l&#039;acquisizione di lead, l&#039;automazione ... e molto altro!\",\"publisher\":{\"@id\":\"https:\\\/\\\/www.benchmarkemail.com\\\/it\\\/#organization\"},\"potentialAction\":[{\"@type\":\"SearchAction\",\"target\":{\"@type\":\"EntryPoint\",\"urlTemplate\":\"https:\\\/\\\/www.benchmarkemail.com\\\/it\\\/?s={search_term_string}\"},\"query-input\":{\"@type\":\"PropertyValueSpecification\",\"valueRequired\":true,\"valueName\":\"search_term_string\"}}],\"inLanguage\":\"en-US\"},{\"@type\":\"Organization\",\"@id\":\"https:\\\/\\\/www.benchmarkemail.com\\\/it\\\/#organization\",\"name\":\"Benchmark Internet Group, LLC\",\"url\":\"https:\\\/\\\/www.benchmarkemail.com\\\/it\\\/\",\"logo\":{\"@type\":\"ImageObject\",\"inLanguage\":\"en-US\",\"@id\":\"https:\\\/\\\/www.benchmarkemail.com\\\/it\\\/#\\\/schema\\\/logo\\\/image\\\/\",\"url\":\"https:\\\/\\\/www.benchmarkemail.com\\\/it\\\/wp-content\\\/uploads\\\/sites\\\/7\\\/2019\\\/09\\\/benchmark-logo.svg\",\"contentUrl\":\"https:\\\/\\\/www.benchmarkemail.com\\\/it\\\/wp-content\\\/uploads\\\/sites\\\/7\\\/2019\\\/09\\\/benchmark-logo.svg\",\"width\":1,\"height\":1,\"caption\":\"Benchmark Internet Group, LLC\"},\"image\":{\"@id\":\"https:\\\/\\\/www.benchmarkemail.com\\\/it\\\/#\\\/schema\\\/logo\\\/image\\\/\"},\"sameAs\":[\"https:\\\/\\\/www.facebook.com\\\/BenchmarkEmail\",\"https:\\\/\\\/x.com\\\/benchmarkemail\",\"https:\\\/\\\/www.instagram.com\\\/benchmarkemail\\\/\",\"https:\\\/\\\/www.linkedin.com\\\/company\\\/benchmark-email\\\/\",\"https:\\\/\\\/www.youtube.com\\\/channel\\\/UCVInnPuEMisNE8mXRTC9-Uw\"]}]}<\/script>\n<!-- \/ Yoast SEO plugin. -->","yoast_head_json":{"title":"Cookie Policy - Benchmark Email","robots":{"index":"index","follow":"follow","max-snippet":"max-snippet:-1","max-image-preview":"max-image-preview:large","max-video-preview":"max-video-preview:-1"},"canonical":"https:\/\/www.benchmarkemail.com\/it\/cookie-policy\/","og_locale":"en_US","og_type":"article","og_title":"Cookie Policy - Benchmark Email","og_description":"Termini Sito Informativa Privacy Cookie Policy Informativa Anti-Spam Termini e condizioni Zona Franca per lo Spam Doveri Utente Addendum sul trattamento dei dati Cookie Policy Questa politica sui cookie si applica solo agli utenti europei interessati dal RGPD Benchmark Email \u00e8 di propriet\u00e0 e gestita da Benchmark Internet Group (&#8220;Benchmark&#8221;, &#8220;noi&#8221; e &#8220;nostro&#8221;). Questa \u00e8&hellip;","og_url":"https:\/\/www.benchmarkemail.com\/it\/cookie-policy\/","og_site_name":"Benchmark Email in italiano","article_publisher":"https:\/\/www.facebook.com\/BenchmarkEmail","article_modified_time":"2025-11-27T15:14:47+00:00","twitter_card":"summary_large_image","twitter_site":"@benchmarkemail","twitter_misc":{"Est. reading time":"10 minutes"},"schema":{"@context":"https:\/\/schema.org","@graph":[{"@type":"WebPage","@id":"https:\/\/www.benchmarkemail.com\/it\/cookie-policy\/","url":"https:\/\/www.benchmarkemail.com\/it\/cookie-policy\/","name":"Cookie Policy - Benchmark Email","isPartOf":{"@id":"https:\/\/www.benchmarkemail.com\/it\/#website"},"datePublished":"2020-01-06T13:37:37+00:00","dateModified":"2025-11-27T15:14:47+00:00","breadcrumb":{"@id":"https:\/\/www.benchmarkemail.com\/it\/cookie-policy\/#breadcrumb"},"inLanguage":"en-US","potentialAction":[{"@type":"ReadAction","target":["https:\/\/www.benchmarkemail.com\/it\/cookie-policy\/"]}]},{"@type":"BreadcrumbList","@id":"https:\/\/www.benchmarkemail.com\/it\/cookie-policy\/#breadcrumb","itemListElement":[{"@type":"ListItem","position":1,"name":"Home","item":"https:\/\/www.benchmarkemail.com\/it\/"},{"@type":"ListItem","position":2,"name":"Cookie Policy"}]},{"@type":"WebSite","@id":"https:\/\/www.benchmarkemail.com\/it\/#website","url":"https:\/\/www.benchmarkemail.com\/it\/","name":"Benchmark Email in italiano","description":"Strumento di marketing digitale. Impara con noi l&#039;email marketing, l&#039;acquisizione di lead, l&#039;automazione ... e molto altro!","publisher":{"@id":"https:\/\/www.benchmarkemail.com\/it\/#organization"},"potentialAction":[{"@type":"SearchAction","target":{"@type":"EntryPoint","urlTemplate":"https:\/\/www.benchmarkemail.com\/it\/?s={search_term_string}"},"query-input":{"@type":"PropertyValueSpecification","valueRequired":true,"valueName":"search_term_string"}}],"inLanguage":"en-US"},{"@type":"Organization","@id":"https:\/\/www.benchmarkemail.com\/it\/#organization","name":"Benchmark Internet Group, LLC","url":"https:\/\/www.benchmarkemail.com\/it\/","logo":{"@type":"ImageObject","inLanguage":"en-US","@id":"https:\/\/www.benchmarkemail.com\/it\/#\/schema\/logo\/image\/","url":"https:\/\/www.benchmarkemail.com\/it\/wp-content\/uploads\/sites\/7\/2019\/09\/benchmark-logo.svg","contentUrl":"https:\/\/www.benchmarkemail.com\/it\/wp-content\/uploads\/sites\/7\/2019\/09\/benchmark-logo.svg","width":1,"height":1,"caption":"Benchmark Internet Group, LLC"},"image":{"@id":"https:\/\/www.benchmarkemail.com\/it\/#\/schema\/logo\/image\/"},"sameAs":["https:\/\/www.facebook.com\/BenchmarkEmail","https:\/\/x.com\/benchmarkemail","https:\/\/www.instagram.com\/benchmarkemail\/","https:\/\/www.linkedin.com\/company\/benchmark-email\/","https:\/\/www.youtube.com\/channel\/UCVInnPuEMisNE8mXRTC9-Uw"]}]}},"_links":{"self":[{"href":"https:\/\/www.benchmarkemail.com\/it\/wp-json\/wp\/v2\/pages\/8663","targetHints":{"allow":["GET"]}}],"collection":[{"href":"https:\/\/www.benchmarkemail.com\/it\/wp-json\/wp\/v2\/pages"}],"about":[{"href":"https:\/\/www.benchmarkemail.com\/it\/wp-json\/wp\/v2\/types\/page"}],"author":[{"embeddable":true,"href":"https:\/\/www.benchmarkemail.com\/it\/wp-json\/wp\/v2\/users\/7"}],"replies":[{"embeddable":true,"href":"https:\/\/www.benchmarkemail.com\/it\/wp-json\/wp\/v2\/comments?post=8663"}],"version-history":[{"count":0,"href":"https:\/\/www.benchmarkemail.com\/it\/wp-json\/wp\/v2\/pages\/8663\/revisions"}],"wp:attachment":[{"href":"https:\/\/www.benchmarkemail.com\/it\/wp-json\/wp\/v2\/media?parent=8663"}],"curies":[{"name":"wp","href":"https:\/\/api.w.org\/{rel}","templated":true}]}}