{"id":9049,"date":"2020-01-14T15:52:51","date_gmt":"2020-01-14T15:52:51","guid":{"rendered":"http:\/\/bme2.flywheelsites.com\/?page_id=9049"},"modified":"2021-06-10T18:37:34","modified_gmt":"2021-06-10T18:37:34","slug":"help-phone","status":"publish","type":"page","link":"https:\/\/www.benchmarkemail.com\/it\/help-phone\/","title":{"rendered":"Help phone"},"content":{"rendered":"<h1>\n\t\tGive us a call\n\t<\/h1>\n\t<table>\n                <thead>\n                    <tr>\n                        <th><\/th>\n                        <th>Contact #<\/th>\n                        <th>International #<\/th>\n                        <th>Days open<\/th>\n                        <th>Ore<\/th>\n                        <th>Fuso Orario<\/th>\n                    <\/tr>\n                <\/thead>\n                <tbody>\n                    <tr>\n                        <td>\n                            <img decoding=\"async\" title=\"USA\" alt=\"USA\" src=\"https:\/\/www.benchmarkemail.com\/wp-content\/uploads\/2020\/01\/ns-flag-sprite.png\">\n                        <\/td>\n                        <td>800.430.4095<\/td>\n                        <td>213.493.6558<\/td>\n                        <td>M-F<\/td>\n                        <td>6:00AM-5:00PM<\/td>\n                        <td>PST<\/td>\n                    <\/tr>\n                    <tr>\n                        <td>\n                            <img decoding=\"async\" title=\"Mexico\" alt=\"Mexico\" src=\"https:\/\/www.benchmarkemail.com\/wp-content\/uploads\/2020\/01\/ns-flag-sprite.png\">\n                        <\/td>\n                        <td>52.55.3300.5177<\/td>\n                        <td><\/td>\n                        <td>M-F<\/td>\n                        <td>9:00AM-6:00PM<\/td>\n                        <td>UTC- 6 Hours<\/td>\n                    <\/tr>\n                    <tr>\n                        <td>\n                            <img decoding=\"async\" title=\"Spain\" alt=\"Spain\" src=\"https:\/\/www.benchmarkemail.com\/wp-content\/uploads\/2020\/01\/ns-flag-sprite.png\">\n                        <\/td>\n                        <td>(+34) 912 558 876<\/td>\n                        <td><\/td>\n                        <td>M-F<\/td>\n                        <td>9:00AM-6:00PM<\/td>\n                        <td>CEST<\/td>\n                    <\/tr>\n                    <tr>\n                        <td>\n                            <img decoding=\"async\" title=\"Colombia\" alt=\"Colombia\" src=\"https:\/\/www.benchmarkemail.com\/wp-content\/uploads\/2020\/01\/ns-flag-sprite.png\">\n                        <\/td>\n                        <td>(+57) 3213109122<\/td>\n                        <td><\/td>\n                        <td>M-F<\/td>\n                        <td>8:00AM-5:00PM<\/td>\n                        <td>UTC -5 Hours<\/td>\n                    <\/tr>\n                    <tr>\n                        <td>\n                            <img decoding=\"async\" title=\"Guatemala\" alt=\"Guatemala\" src=\"https:\/\/www.benchmarkemail.com\/wp-content\/uploads\/2020\/01\/ns-flag-sprite.png\">\n                        <\/td>\n                        <td>502.6626-5959<\/td>\n                        <td><\/td>\n                        <td>M-F<\/td>\n                        <td>7:00AM-5:00PM<\/td>\n                        <td>UTC -6 Hours<\/td>\n                    <\/tr>\n                    <tr>\n                        <td>\n                            <img decoding=\"async\" title=\"Brasil\" alt=\"Brasil\" src=\"https:\/\/www.benchmarkemail.com\/wp-content\/uploads\/2020\/01\/ns-flag-sprite.png\">\n                        <\/td>\n                        <td>Atendimento Telef\u00f4nico Indispon\u00edvel\t<\/td>\n                        <td><\/td>\n                        <td>M-F<\/td>\n                        <td>9:00AM-6:00PM<\/td>\n                        <td>UTC &#8211; 3 hours<\/td>\n                    <\/tr>\n                    <tr>\n                        <td>\n                            <img decoding=\"async\" title=\"Portugal\" alt=\"Portugal\" src=\"https:\/\/www.benchmarkemail.com\/wp-content\/uploads\/2020\/01\/ns-flag-sprite.png\">\n                        <\/td>\n                        <td>Atendimento Telef\u00f4nico Indispon\u00edvel\t<\/td>\n                        <td><\/td>\n                        <td>M-F<\/td>\n                        <td>9:00AM-6:00PM<\/td>\n                        <td>UTC &#8211; 3 hours<\/td>\n                    <\/tr>\n                    <tr>\n                        <td>\n                            <img decoding=\"async\" title=\"Germany\" alt=\"Germany\" src=\"https:\/\/www.benchmarkemail.com\/wp-content\/uploads\/2020\/01\/ns-flag-sprite.png\">\n                        <\/td>\n                        <td>(+49) 8341 9753 002<\/td>\n                        <td><\/td>\n                        <td>M-F<\/td>\n                        <td>9:00AM-6:00PM<\/td>\n                        <td>CET<\/td>\n                    <\/tr>\n                    <tr>\n                        <td>\n                            <img decoding=\"async\" title=\"France\" alt=\"France\" src=\"https:\/\/www.benchmarkemail.com\/wp-content\/uploads\/2020\/01\/ns-flag-sprite.png\">\n                        <\/td>\n                        <td>(+33) 01 86 26 09 53<\/td>\n                        <td><\/td>\n                        <td>M-F<\/td>\n                        <td>9:00AM-6:00PM<\/td>\n                        <td>CEST<\/td>\n                    <\/tr>\n                    <tr>\n                        <td>\n                            <img decoding=\"async\" title=\"Switzerland\" alt=\"Switzerland\" src=\"https:\/\/www.benchmarkemail.com\/wp-content\/uploads\/2020\/01\/ns-flag-sprite.png\">\n                        <\/td>\n                        <td>(+41) 43 508 4676<\/td>\n                        <td><\/td>\n                        <td>M-F<\/td>\n                        <td>9:00AM-6:00PM<\/td>\n                        <td>CET<\/td>\n                    <\/tr>\n                    <tr>\n                        <td>\n                            <img decoding=\"async\" title=\"Italy\" alt=\"Italy\" src=\"https:\/\/www.benchmarkemail.com\/wp-content\/uploads\/2020\/01\/ns-flag-sprite.png\">\n                        <\/td>\n                        <td>0039 06 94806705<\/td>\n                        <td><\/td>\n                        <td>M-F<\/td>\n                        <td>9:00AM-6:00PM<\/td>\n                        <td>CEST<\/td>\n                    <\/tr>\n                    <tr>\n                        <td>\n                            <img decoding=\"async\" title=\"Taiwan\" alt=\"Taiwan\" src=\"https:\/\/www.benchmarkemail.com\/wp-content\/uploads\/2020\/01\/ns-flag-sprite.png\">\n                        <\/td>\n                        <td>886-2-2258-5981<\/td>\n                        <td><\/td>\n                        <td>M-F<\/td>\n                        <td>8:30 AM-5:30PM<\/td>\n                        <td>GMT+8<\/td>\n                    <\/tr>\n                    <tr>\n                        <td>\n                            <img decoding=\"async\" title=\"China\" alt=\"China\" src=\"https:\/\/www.benchmarkemail.com\/wp-content\/uploads\/2020\/01\/ns-flag-sprite.png\">\n                        <\/td>\n                        <td>+86 020 8981 0899<\/td>\n                        <td><\/td>\n                        <td>M-F<\/td>\n                        <td>8:30AM-6:00PM<\/td>\n                        <td>GMT+8<\/td>\n                    <\/tr>\n                    <tr>\n                        <td>\n                            <img decoding=\"async\" title=\"UK\" alt=\"UK\" src=\"https:\/\/www.benchmarkemail.com\/wp-content\/uploads\/2020\/01\/ns-flag-sprite.png\">\n                        <\/td>\n                        <td>(+44) 20 3695 2266<\/td>\n                        <td><\/td>\n                        <td>M-F<\/td>\n                        <td>8:00AM-5:00PM<\/td>\n                        <td>GMT<\/td>\n                    <\/tr>\n                    <tr>\n                        <td>\n                            <img decoding=\"async\" title=\"Japan\" alt=\"Japan\" src=\"https:\/\/www.benchmarkemail.com\/wp-content\/uploads\/2020\/01\/ns-flag-sprite.png\">\n                        <\/td>\n                        <td>\u30c1\u30e3\u30c3\u30c8\u30fb\u30e1\u30fc\u30eb\u306e\u307f\u5bfe\u5fdc<\/td>\n                        <td><\/td>\n                        <td>M-F<\/td>\n                        <td>10:00AM-12:00PM 1:00PM-5:00PM<\/td>\n                        <td>GMT+9<\/td>\n                    <\/tr>\n                    <tr>\n                        <td>\n                            <img decoding=\"async\" title=\"India\" alt=\"India\" src=\"https:\/\/www.benchmarkemail.com\/wp-content\/uploads\/2020\/01\/ns-flag-sprite.png\">\n                        <\/td>\n                        <td>0124 &#8211; 419 2601 \/02\/03\/04\/05<\/td>\n                        <td><\/td>\n                        <td>M-S 24\/7<\/td>\n                        <td>Monday 5:00 AM &#8211; Sunday 5:00 AM<\/td>\n                        <td>GMT+05:30<\/td>\n                    <\/tr>\n                <\/tbody>\n            <\/table>\n","protected":false},"excerpt":{"rendered":"<p>Give us a call Contact # International # Days open Ore Fuso Orario 800.430.4095 213.493.6558 M-F 6:00AM-5:00PM PST 52.55.3300.5177 M-F 9:00AM-6:00PM UTC- 6 Hours (+34) 912 558 876 M-F 9:00AM-6:00PM CEST (+57) 3213109122 M-F 8:00AM-5:00PM UTC -5 Hours 502.6626-5959 M-F 7:00AM-5:00PM UTC -6 Hours Atendimento Telef\u00f4nico Indispon\u00edvel M-F 9:00AM-6:00PM UTC &#8211; 3 hours Atendimento Telef\u00f4nico&hellip;<\/p>\n","protected":false},"author":7,"featured_media":0,"parent":0,"menu_order":0,"comment_status":"closed","ping_status":"closed","template":"","meta":{"inline_featured_image":false,"footnotes":""},"class_list":["post-9049","page","type-page","status-publish","hentry"],"yoast_head":"<!-- This site is optimized with the Yoast SEO plugin v27.4 - https:\/\/yoast.com\/product\/yoast-seo-wordpress\/ -->\n<title>Help phone - Benchmark Email<\/title>\n<meta name=\"robots\" content=\"index, follow, max-snippet:-1, max-image-preview:large, max-video-preview:-1\" \/>\n<link rel=\"canonical\" href=\"https:\/\/www.benchmarkemail.com\/it\/help-phone\/\" \/>\n<meta property=\"og:locale\" content=\"en_US\" \/>\n<meta property=\"og:type\" content=\"article\" \/>\n<meta property=\"og:title\" content=\"Help phone - Benchmark Email\" \/>\n<meta property=\"og:description\" content=\"Give us a call Contact # International # Days open Ore Fuso Orario 800.430.4095 213.493.6558 M-F 6:00AM-5:00PM PST 52.55.3300.5177 M-F 9:00AM-6:00PM UTC- 6 Hours (+34) 912 558 876 M-F 9:00AM-6:00PM CEST (+57) 3213109122 M-F 8:00AM-5:00PM UTC -5 Hours 502.6626-5959 M-F 7:00AM-5:00PM UTC -6 Hours Atendimento Telef\u00f4nico Indispon\u00edvel M-F 9:00AM-6:00PM UTC &#8211; 3 hours Atendimento Telef\u00f4nico&hellip;\" \/>\n<meta property=\"og:url\" content=\"https:\/\/www.benchmarkemail.com\/it\/help-phone\/\" \/>\n<meta property=\"og:site_name\" content=\"Benchmark Email in italiano\" \/>\n<meta property=\"article:publisher\" content=\"https:\/\/www.facebook.com\/BenchmarkEmail\" \/>\n<meta property=\"article:modified_time\" content=\"2021-06-10T18:37:34+00:00\" \/>\n<meta property=\"og:image\" content=\"https:\/\/www.benchmarkemail.com\/wp-content\/uploads\/2020\/01\/ns-flag-sprite.png\" \/>\n<meta name=\"twitter:card\" content=\"summary_large_image\" \/>\n<meta name=\"twitter:site\" content=\"@benchmarkemail\" \/>\n<script type=\"application\/ld+json\" class=\"yoast-schema-graph\">{\"@context\":\"https:\\\/\\\/schema.org\",\"@graph\":[{\"@type\":\"WebPage\",\"@id\":\"https:\\\/\\\/www.benchmarkemail.com\\\/it\\\/help-phone\\\/\",\"url\":\"https:\\\/\\\/www.benchmarkemail.com\\\/it\\\/help-phone\\\/\",\"name\":\"Help phone - Benchmark Email\",\"isPartOf\":{\"@id\":\"https:\\\/\\\/www.benchmarkemail.com\\\/it\\\/#website\"},\"primaryImageOfPage\":{\"@id\":\"https:\\\/\\\/www.benchmarkemail.com\\\/it\\\/help-phone\\\/#primaryimage\"},\"image\":{\"@id\":\"https:\\\/\\\/www.benchmarkemail.com\\\/it\\\/help-phone\\\/#primaryimage\"},\"thumbnailUrl\":\"https:\\\/\\\/www.benchmarkemail.com\\\/wp-content\\\/uploads\\\/2020\\\/01\\\/ns-flag-sprite.png\",\"datePublished\":\"2020-01-14T15:52:51+00:00\",\"dateModified\":\"2021-06-10T18:37:34+00:00\",\"breadcrumb\":{\"@id\":\"https:\\\/\\\/www.benchmarkemail.com\\\/it\\\/help-phone\\\/#breadcrumb\"},\"inLanguage\":\"en-US\",\"potentialAction\":[{\"@type\":\"ReadAction\",\"target\":[\"https:\\\/\\\/www.benchmarkemail.com\\\/it\\\/help-phone\\\/\"]}]},{\"@type\":\"ImageObject\",\"inLanguage\":\"en-US\",\"@id\":\"https:\\\/\\\/www.benchmarkemail.com\\\/it\\\/help-phone\\\/#primaryimage\",\"url\":\"https:\\\/\\\/www.benchmarkemail.com\\\/wp-content\\\/uploads\\\/2020\\\/01\\\/ns-flag-sprite.png\",\"contentUrl\":\"https:\\\/\\\/www.benchmarkemail.com\\\/wp-content\\\/uploads\\\/2020\\\/01\\\/ns-flag-sprite.png\"},{\"@type\":\"BreadcrumbList\",\"@id\":\"https:\\\/\\\/www.benchmarkemail.com\\\/it\\\/help-phone\\\/#breadcrumb\",\"itemListElement\":[{\"@type\":\"ListItem\",\"position\":1,\"name\":\"Home\",\"item\":\"https:\\\/\\\/www.benchmarkemail.com\\\/it\\\/\"},{\"@type\":\"ListItem\",\"position\":2,\"name\":\"Help phone\"}]},{\"@type\":\"WebSite\",\"@id\":\"https:\\\/\\\/www.benchmarkemail.com\\\/it\\\/#website\",\"url\":\"https:\\\/\\\/www.benchmarkemail.com\\\/it\\\/\",\"name\":\"Benchmark Email in italiano\",\"description\":\"Strumento di marketing digitale. Impara con noi l&#039;email marketing, l&#039;acquisizione di lead, l&#039;automazione ... e molto altro!\",\"publisher\":{\"@id\":\"https:\\\/\\\/www.benchmarkemail.com\\\/it\\\/#organization\"},\"potentialAction\":[{\"@type\":\"SearchAction\",\"target\":{\"@type\":\"EntryPoint\",\"urlTemplate\":\"https:\\\/\\\/www.benchmarkemail.com\\\/it\\\/?s={search_term_string}\"},\"query-input\":{\"@type\":\"PropertyValueSpecification\",\"valueRequired\":true,\"valueName\":\"search_term_string\"}}],\"inLanguage\":\"en-US\"},{\"@type\":\"Organization\",\"@id\":\"https:\\\/\\\/www.benchmarkemail.com\\\/it\\\/#organization\",\"name\":\"Benchmark Internet Group, LLC\",\"url\":\"https:\\\/\\\/www.benchmarkemail.com\\\/it\\\/\",\"logo\":{\"@type\":\"ImageObject\",\"inLanguage\":\"en-US\",\"@id\":\"https:\\\/\\\/www.benchmarkemail.com\\\/it\\\/#\\\/schema\\\/logo\\\/image\\\/\",\"url\":\"https:\\\/\\\/www.benchmarkemail.com\\\/it\\\/wp-content\\\/uploads\\\/sites\\\/7\\\/2019\\\/09\\\/benchmark-logo.svg\",\"contentUrl\":\"https:\\\/\\\/www.benchmarkemail.com\\\/it\\\/wp-content\\\/uploads\\\/sites\\\/7\\\/2019\\\/09\\\/benchmark-logo.svg\",\"width\":1,\"height\":1,\"caption\":\"Benchmark Internet Group, LLC\"},\"image\":{\"@id\":\"https:\\\/\\\/www.benchmarkemail.com\\\/it\\\/#\\\/schema\\\/logo\\\/image\\\/\"},\"sameAs\":[\"https:\\\/\\\/www.facebook.com\\\/BenchmarkEmail\",\"https:\\\/\\\/x.com\\\/benchmarkemail\",\"https:\\\/\\\/www.instagram.com\\\/benchmarkemail\\\/\",\"https:\\\/\\\/www.linkedin.com\\\/company\\\/benchmark-email\\\/\",\"https:\\\/\\\/www.youtube.com\\\/channel\\\/UCVInnPuEMisNE8mXRTC9-Uw\"]}]}<\/script>\n<!-- \/ Yoast SEO plugin. -->","yoast_head_json":{"title":"Help phone - Benchmark Email","robots":{"index":"index","follow":"follow","max-snippet":"max-snippet:-1","max-image-preview":"max-image-preview:large","max-video-preview":"max-video-preview:-1"},"canonical":"https:\/\/www.benchmarkemail.com\/it\/help-phone\/","og_locale":"en_US","og_type":"article","og_title":"Help phone - Benchmark Email","og_description":"Give us a call Contact # International # Days open Ore Fuso Orario 800.430.4095 213.493.6558 M-F 6:00AM-5:00PM PST 52.55.3300.5177 M-F 9:00AM-6:00PM UTC- 6 Hours (+34) 912 558 876 M-F 9:00AM-6:00PM CEST (+57) 3213109122 M-F 8:00AM-5:00PM UTC -5 Hours 502.6626-5959 M-F 7:00AM-5:00PM UTC -6 Hours Atendimento Telef\u00f4nico Indispon\u00edvel M-F 9:00AM-6:00PM UTC &#8211; 3 hours Atendimento Telef\u00f4nico&hellip;","og_url":"https:\/\/www.benchmarkemail.com\/it\/help-phone\/","og_site_name":"Benchmark Email in italiano","article_publisher":"https:\/\/www.facebook.com\/BenchmarkEmail","article_modified_time":"2021-06-10T18:37:34+00:00","og_image":[{"url":"https:\/\/www.benchmarkemail.com\/wp-content\/uploads\/2020\/01\/ns-flag-sprite.png","type":"","width":"","height":""}],"twitter_card":"summary_large_image","twitter_site":"@benchmarkemail","schema":{"@context":"https:\/\/schema.org","@graph":[{"@type":"WebPage","@id":"https:\/\/www.benchmarkemail.com\/it\/help-phone\/","url":"https:\/\/www.benchmarkemail.com\/it\/help-phone\/","name":"Help phone - Benchmark Email","isPartOf":{"@id":"https:\/\/www.benchmarkemail.com\/it\/#website"},"primaryImageOfPage":{"@id":"https:\/\/www.benchmarkemail.com\/it\/help-phone\/#primaryimage"},"image":{"@id":"https:\/\/www.benchmarkemail.com\/it\/help-phone\/#primaryimage"},"thumbnailUrl":"https:\/\/www.benchmarkemail.com\/wp-content\/uploads\/2020\/01\/ns-flag-sprite.png","datePublished":"2020-01-14T15:52:51+00:00","dateModified":"2021-06-10T18:37:34+00:00","breadcrumb":{"@id":"https:\/\/www.benchmarkemail.com\/it\/help-phone\/#breadcrumb"},"inLanguage":"en-US","potentialAction":[{"@type":"ReadAction","target":["https:\/\/www.benchmarkemail.com\/it\/help-phone\/"]}]},{"@type":"ImageObject","inLanguage":"en-US","@id":"https:\/\/www.benchmarkemail.com\/it\/help-phone\/#primaryimage","url":"https:\/\/www.benchmarkemail.com\/wp-content\/uploads\/2020\/01\/ns-flag-sprite.png","contentUrl":"https:\/\/www.benchmarkemail.com\/wp-content\/uploads\/2020\/01\/ns-flag-sprite.png"},{"@type":"BreadcrumbList","@id":"https:\/\/www.benchmarkemail.com\/it\/help-phone\/#breadcrumb","itemListElement":[{"@type":"ListItem","position":1,"name":"Home","item":"https:\/\/www.benchmarkemail.com\/it\/"},{"@type":"ListItem","position":2,"name":"Help phone"}]},{"@type":"WebSite","@id":"https:\/\/www.benchmarkemail.com\/it\/#website","url":"https:\/\/www.benchmarkemail.com\/it\/","name":"Benchmark Email in italiano","description":"Strumento di marketing digitale. Impara con noi l&#039;email marketing, l&#039;acquisizione di lead, l&#039;automazione ... e molto altro!","publisher":{"@id":"https:\/\/www.benchmarkemail.com\/it\/#organization"},"potentialAction":[{"@type":"SearchAction","target":{"@type":"EntryPoint","urlTemplate":"https:\/\/www.benchmarkemail.com\/it\/?s={search_term_string}"},"query-input":{"@type":"PropertyValueSpecification","valueRequired":true,"valueName":"search_term_string"}}],"inLanguage":"en-US"},{"@type":"Organization","@id":"https:\/\/www.benchmarkemail.com\/it\/#organization","name":"Benchmark Internet Group, LLC","url":"https:\/\/www.benchmarkemail.com\/it\/","logo":{"@type":"ImageObject","inLanguage":"en-US","@id":"https:\/\/www.benchmarkemail.com\/it\/#\/schema\/logo\/image\/","url":"https:\/\/www.benchmarkemail.com\/it\/wp-content\/uploads\/sites\/7\/2019\/09\/benchmark-logo.svg","contentUrl":"https:\/\/www.benchmarkemail.com\/it\/wp-content\/uploads\/sites\/7\/2019\/09\/benchmark-logo.svg","width":1,"height":1,"caption":"Benchmark Internet Group, LLC"},"image":{"@id":"https:\/\/www.benchmarkemail.com\/it\/#\/schema\/logo\/image\/"},"sameAs":["https:\/\/www.facebook.com\/BenchmarkEmail","https:\/\/x.com\/benchmarkemail","https:\/\/www.instagram.com\/benchmarkemail\/","https:\/\/www.linkedin.com\/company\/benchmark-email\/","https:\/\/www.youtube.com\/channel\/UCVInnPuEMisNE8mXRTC9-Uw"]}]}},"_links":{"self":[{"href":"https:\/\/www.benchmarkemail.com\/it\/wp-json\/wp\/v2\/pages\/9049","targetHints":{"allow":["GET"]}}],"collection":[{"href":"https:\/\/www.benchmarkemail.com\/it\/wp-json\/wp\/v2\/pages"}],"about":[{"href":"https:\/\/www.benchmarkemail.com\/it\/wp-json\/wp\/v2\/types\/page"}],"author":[{"embeddable":true,"href":"https:\/\/www.benchmarkemail.com\/it\/wp-json\/wp\/v2\/users\/7"}],"replies":[{"embeddable":true,"href":"https:\/\/www.benchmarkemail.com\/it\/wp-json\/wp\/v2\/comments?post=9049"}],"version-history":[{"count":0,"href":"https:\/\/www.benchmarkemail.com\/it\/wp-json\/wp\/v2\/pages\/9049\/revisions"}],"wp:attachment":[{"href":"https:\/\/www.benchmarkemail.com\/it\/wp-json\/wp\/v2\/media?parent=9049"}],"curies":[{"name":"wp","href":"https:\/\/api.w.org\/{rel}","templated":true}]}}